{"id":850,"date":"2021-04-16T14:52:44","date_gmt":"2021-04-16T17:52:44","guid":{"rendered":"https:\/\/www.cdiginformatica.com.br\/portal\/?page_id=380"},"modified":"2025-08-14T17:35:22","modified_gmt":"2025-08-14T20:35:22","slug":"servidor-lenovo","status":"publish","type":"page","link":"https:\/\/www.cdiginformatica.com.br\/portal\/servidor-lenovo\/","title":{"rendered":"Servidores Lenovo"},"content":{"rendered":"\n\n\n<h1>SERVIDORES LENOVO<\/h1>\n<p><span style=\"color: #fff; font-size: 20px\">Solu\u00e7\u00f5es de infraestrutura mais inteligentes para os Data-Centered<\/span><\/p>\n\n\n\n\n<p style=\"text-align: center; \"><span style=\"color: rgb(15, 36, 62); font-family: Arial, Helvetica, sans-serif; font-size: 24px;\">Os <span style=\"background-color:#e60000;\"><strong style=\"background-color: rgb(255, 255, 255);\">Servidores Lenovo<\/strong><\/span><strong><\/strong> oferecem uma infraestrutura completa que suporta tanto seus objetivos de neg\u00f3cios quanto o crescimento da empresa.<\/span><\/p><p><\/p><p><br><\/p>\n\n\n\n\n\n<p style=\"text-align: center;\"><span style=\"color: rgb(36, 64, 97);\"><strong>Servidor de borda espec\u00edfico para processamento<\/strong><\/span><\/p><p style=\"text-align: center;\"><span style=\"color: rgb(36, 64, 97);\"><strong><br><\/strong><\/span><\/p>\n<p style=\"text-align: justify;\">ThinkSystem SE350 \u00e9 uma solu\u00e7\u00e3o Edge compacta e robusta com foco em conectividade inteligente, seguran\u00e7a e capacidade de gerenciamento para ambientes hostis.<\/p>\n\n\n\n<p style=\"text-align: center;\"><span style=\"color: rgb(36, 64, 97);\"><strong>Servidores em Rack<\/strong><\/span><\/p>\n<p style=\"text-align: justify;\">De pequenas empresas a grandes empreendimentos, os servidores em rack da Lenovo oferecem valor inigual\u00e1vel, flexibilidade e a maior efici\u00eancia do mercado para atender demandas diferentes com qualidade e confiabilidade revolucion\u00e1rias.<\/p>\n\n\n\n<p style=\"text-align: center;\"><span style=\"color: rgb(36, 64, 97);\"><strong>Servidores Torre<\/strong><\/span><\/p>\n<p style=\"text-align: justify;\">Os servidores de torre da Lenovo oferecem um alto desempenho e configura\u00e7\u00f5es flex\u00edveis de armanezamento ocupando pouco espa\u00e7o f\u00edsico para pequenas, m\u00e9dias e grandes organiza\u00e7\u00f5es. Obtenha a confiabilidade que espera de seu data center, entregue em um pacote otimizado para ambientes de neg\u00f3cios.<\/p>\n\n\n\n\n\n<p style=\"text-align: center;\"><span style=\"color: rgb(36, 64, 97);\"><strong>Servidores Blade<\/strong><\/span><\/p>\n<p style=\"text-align: justify;\">O Flex System \u00e9 o blade de segunda gera\u00e7\u00e3o da Lenovo, que executa com efici\u00eancia as aplica\u00e7\u00f5es da sua infraestrutura com densidade at\u00e9 80% melhor do que as implementa\u00e7\u00f5es de servidores em rack padr\u00e3o.<\/p>\n\n\n\n<p style=\"text-align: center;\"><span style=\"color: rgb(36, 64, 97);\"><strong>Servidor Miss\u00e3o Cr\u00edtica<\/strong><\/span><\/p>\n<p style=\"text-align: justify;\">N\u00e3o afete o desempenho para obter mais disponibilidade. Com os servidores da Lenovo, voc\u00ea tem a melhor confiabilidade da categoria e tempo de uso com \u00f3timo desempenho para os projetos que acontecem na sua empresa.<\/p>\n\n\n\n<p style=\"text-align: center;\"><span style=\"color: rgb(36, 64, 97);\"><strong>Alta densidade<\/strong><\/span><\/p>\n<p style=\"text-align: justify;\">Os sistemas densos da Lenovo oferecem muita energia de computa\u00e7\u00e3o em pouqu\u00edssimo espa\u00e7o, a fim de tratar projetos como computa\u00e7\u00e3o t\u00e9cnica (HPC), Intelig\u00eancia Artificial (IA), grid, nuvem e mais.<\/p>\n\n\n\n\n\n\n<h2>Solicite um Or\u00e7amento<\/h2>\n\n\n<p style=\"text-align: center;\"><span style=\"background-color: transparent; font-size: 12px;\"><span style=\"font-family: Georgia, serif; color: rgb(36, 64, 97);\"><span style=\"font-size: 16px;\"><\/span><span style=\"font-size: 16px;\">Preencha os dados abaixo que logo entraremos em contato!<\/span><\/span><\/span><\/p>\n<div class=\"forminator-ui forminator-custom-form forminator-custom-form-943 forminator-design--default  forminator_ajax\" data-forminator-render=\"0\" data-form=\"forminator-module-943\" data-uid=\"69ea2c6361bb8\"><br\/><\/div><form\n\t\t\t\tid=\"forminator-module-943\"\n\t\t\t\tclass=\"forminator-ui forminator-custom-form forminator-custom-form-943 forminator-design--default  forminator_ajax\"\n\t\t\t\tmethod=\"post\"\n\t\t\t\tdata-forminator-render=\"0\"\n\t\t\t\tdata-form-id=\"943\"\n\t\t\t\t\n\t\t\t\tdata-design=\"default\"\n\t\t\t\t\n\t\t\t\t\n\t\t\t\t\n\t\t\t\tdata-grid=\"open\"\n\t\t\t\t\n\t\t\t\t\n\t\t\t\tstyle=\"display: none;\"\n\t\t\t\t\n\t\t\t\tdata-uid=\"69ea2c6361bb8\"\n\t\t\t><div role=\"alert\" aria-live=\"polite\" class=\"forminator-response-message forminator-error\" aria-hidden=\"true\"><\/div><div class=\"forminator-row\"><div id=\"name-1\" class=\"forminator-field-name forminator-col forminator-col-12 \"><div class=\"forminator-field\"><label for=\"forminator-field-name-1_69ea2c6361bb8\" id=\"forminator-field-name-1_69ea2c6361bb8-label\" class=\"forminator-label\">Nome Completo <span class=\"forminator-required\">*<\/span><\/label><input type=\"text\" name=\"name-1\" value=\"\" placeholder=\"\" id=\"forminator-field-name-1_69ea2c6361bb8\" class=\"forminator-input forminator-name--field\" aria-required=\"true\" \/><\/div><\/div><\/div><div class=\"forminator-row\"><div id=\"phone-1\" class=\"forminator-field-phone forminator-col forminator-col-6 \"><div class=\"forminator-field\"><label for=\"forminator-field-phone-1_69ea2c6361bb8\" id=\"forminator-field-phone-1_69ea2c6361bb8-label\" class=\"forminator-label\">Telefone<\/label><input type=\"text\" name=\"phone-1\" value=\"\" placeholder=\"\" id=\"forminator-field-phone-1_69ea2c6361bb8\" class=\"forminator-input forminator-field--phone\" data-required=\"\" aria-required=\"false\" autocomplete=\"off\" data-national_mode=\"enabled\" data-country=\"br\" data-validation=\"standard\" \/><\/div><\/div><div id=\"email-1\" class=\"forminator-field-email forminator-col forminator-col-6 \"><div class=\"forminator-field\"><label for=\"forminator-field-email-1_69ea2c6361bb8\" id=\"forminator-field-email-1_69ea2c6361bb8-label\" class=\"forminator-label\">Endere\u00e7o de E-mail <span class=\"forminator-required\">*<\/span><\/label><input type=\"email\" name=\"email-1\" value=\"\" placeholder=\"\" id=\"forminator-field-email-1_69ea2c6361bb8\" class=\"forminator-input forminator-email--field\" data-required=\"true\" aria-required=\"true\" \/><\/div><\/div><\/div><div class=\"forminator-row\"><input type=\"hidden\" id=\"hidden-1_69ea2c6361bb8\" name=\"hidden-1\" value=\"P\u00e1gina Principal\" \/><div id=\"textarea-1\" class=\"forminator-field-textarea forminator-col forminator-col-6 \"><div class=\"forminator-field\"><label for=\"forminator-field-textarea-1_69ea2c6361bb8\" id=\"forminator-field-textarea-1_69ea2c6361bb8-label\" class=\"forminator-label\">Mensagem<\/label><textarea name=\"textarea-1\" placeholder=\"Escreva sua mensagem\" id=\"forminator-field-textarea-1_69ea2c6361bb8\" class=\"forminator-textarea\" rows=\"6\" style=\"min-height:140px;\" maxlength=\"500\" ><\/textarea><span id=\"forminator-field-textarea-1_69ea2c6361bb8-description\" class=\"forminator-description\"><span data-limit=\"500\" data-type=\"characters\" data-editor=\"\">0 \/ 500<\/span><\/span><\/div><\/div><\/div><div class=\"forminator-row\"><div id=\"captcha-1\" class=\"forminator-field-captcha forminator-col forminator-col-12 \"><div class=\"forminator-captcha-left forminator-g-recaptcha recaptcha-invisible\" data-theme=\"light\" data-badge=\"inline\" data-sitekey=\"6Lchy6waAAAAABMM64TQgECmUeO2BSYvq3yyue8Z\" data-size=\"invisible\"><\/div> <\/div><\/div><input type=\"hidden\" name=\"referer_url\" value=\"\" \/><div class=\"forminator-row forminator-row-last\"><div class=\"forminator-col\"><div class=\"forminator-field\"><button class=\"forminator-button forminator-button-submit\">Enviar mensagem<\/button><\/div><\/div><\/div><input type=\"hidden\" id=\"forminator_nonce\" name=\"forminator_nonce\" value=\"c7a54d0d3f\" \/><input type=\"hidden\" name=\"_wp_http_referer\" value=\"\/portal\/wp-json\/wp\/v2\/pages\/850\" \/><input type=\"hidden\" name=\"form_id\" value=\"943\"><input type=\"hidden\" name=\"page_id\" value=\"850\"><input type=\"hidden\" name=\"form_type\" value=\"default\"><input type=\"hidden\" name=\"current_url\" value=\"https:\/\/www.cdiginformatica.com.br\/portal\/servidor-lenovo\/\"><input type=\"hidden\" name=\"render_id\" value=\"0\"><input type=\"hidden\" name=\"action\" value=\"forminator_submit_form_custom-forms\"><\/form>\n\n\n","protected":false},"excerpt":{"rendered":"","protected":false},"author":1,"featured_media":0,"parent":0,"menu_order":0,"comment_status":"closed","ping_status":"closed","template":"elementor_theme","meta":{"pagelayer_contact_templates":[],"_pagelayer_content":"","_monsterinsights_skip_tracking":false,"_monsterinsights_sitenote_active":false,"_monsterinsights_sitenote_note":"","_monsterinsights_sitenote_category":0,"footnotes":""},"class_list":["post-850","page","type-page","status-publish","hentry"],"yoast_head":"<!-- This site is optimized with the Yoast SEO plugin v27.2 - https:\/\/yoast.com\/product\/yoast-seo-wordpress\/ -->\n<title>Servidores Lenovo - C-DIG Solu\u00e7\u00f5es em Tecnologia e Certifica\u00e7\u00e3o Digital<\/title>\n<meta name=\"robots\" content=\"index, follow, max-snippet:-1, max-image-preview:large, max-video-preview:-1\" \/>\n<link rel=\"canonical\" href=\"https:\/\/www.cdiginformatica.com.br\/portal\/servidor-lenovo\/\" \/>\n<meta property=\"og:locale\" content=\"pt_BR\" \/>\n<meta property=\"og:type\" content=\"article\" \/>\n<meta property=\"og:title\" content=\"Servidores Lenovo - C-DIG Solu\u00e7\u00f5es em Tecnologia e Certifica\u00e7\u00e3o Digital\" \/>\n<meta property=\"og:url\" content=\"https:\/\/www.cdiginformatica.com.br\/portal\/servidor-lenovo\/\" \/>\n<meta property=\"og:site_name\" content=\"C-DIG Solu\u00e7\u00f5es em Tecnologia e Certifica\u00e7\u00e3o Digital\" \/>\n<meta property=\"article:publisher\" content=\"https:\/\/www.facebook.com\/cdiginformatica\" \/>\n<meta property=\"article:modified_time\" content=\"2025-08-14T20:35:22+00:00\" \/>\n<meta property=\"og:image\" content=\"https:\/\/www.cdiginformatica.com.br\/portal\/wp-content\/uploads\/2022\/09\/LOGO-CDIG-SOLUCOES-E-CERTIFICACAO-PRETO.png\" \/>\n\t<meta property=\"og:image:width\" content=\"3322\" \/>\n\t<meta property=\"og:image:height\" content=\"1417\" \/>\n\t<meta property=\"og:image:type\" content=\"image\/png\" \/>\n<meta name=\"twitter:label1\" content=\"Est. tempo de leitura\" \/>\n\t<meta name=\"twitter:data1\" content=\"1 minuto\" \/>\n<script type=\"application\/ld+json\" class=\"yoast-schema-graph\">{\"@context\":\"https:\/\/schema.org\",\"@graph\":[{\"@type\":\"WebPage\",\"@id\":\"https:\/\/www.cdiginformatica.com.br\/portal\/servidor-lenovo\/\",\"url\":\"https:\/\/www.cdiginformatica.com.br\/portal\/servidor-lenovo\/\",\"name\":\"Servidores Lenovo - C-DIG Solu\u00e7\u00f5es em Tecnologia e Certifica\u00e7\u00e3o Digital\",\"isPartOf\":{\"@id\":\"https:\/\/www.cdiginformatica.com.br\/portal\/#website\"},\"datePublished\":\"2021-04-16T17:52:44+00:00\",\"dateModified\":\"2025-08-14T20:35:22+00:00\",\"breadcrumb\":{\"@id\":\"https:\/\/www.cdiginformatica.com.br\/portal\/servidor-lenovo\/#breadcrumb\"},\"inLanguage\":\"pt-BR\",\"potentialAction\":[{\"@type\":\"ReadAction\",\"target\":[\"https:\/\/www.cdiginformatica.com.br\/portal\/servidor-lenovo\/\"]}]},{\"@type\":\"BreadcrumbList\",\"@id\":\"https:\/\/www.cdiginformatica.com.br\/portal\/servidor-lenovo\/#breadcrumb\",\"itemListElement\":[{\"@type\":\"ListItem\",\"position\":1,\"name\":\"In\u00edcio\",\"item\":\"https:\/\/www.cdiginformatica.com.br\/portal\/\"},{\"@type\":\"ListItem\",\"position\":2,\"name\":\"Servidores Lenovo\"}]},{\"@type\":\"WebSite\",\"@id\":\"https:\/\/www.cdiginformatica.com.br\/portal\/#website\",\"url\":\"https:\/\/www.cdiginformatica.com.br\/portal\/\",\"name\":\"CDIG SOLU\u00c7\u00d5ES EM TECNOLOGIA & CERTIFICA\u00c7\u00c3O DIGITAL - N\u00daVEM, AUTOMA\u00c7\u00c3O COMERCIAL E EQUIPAMENTOS\",\"description\":\"Certifica\u00e7\u00e3o Digital, Equipamentos para Automa\u00e7\u00e3o Comercial, Backup em N\u00favem, Firewall Bluepex, Nota Fiscal Eletr\u00f4nica, Servidores e Hardwares em geral\",\"publisher\":{\"@id\":\"https:\/\/www.cdiginformatica.com.br\/portal\/#organization\"},\"potentialAction\":[{\"@type\":\"SearchAction\",\"target\":{\"@type\":\"EntryPoint\",\"urlTemplate\":\"https:\/\/www.cdiginformatica.com.br\/portal\/?s={search_term_string}\"},\"query-input\":{\"@type\":\"PropertyValueSpecification\",\"valueRequired\":true,\"valueName\":\"search_term_string\"}}],\"inLanguage\":\"pt-BR\"},{\"@type\":\"Organization\",\"@id\":\"https:\/\/www.cdiginformatica.com.br\/portal\/#organization\",\"name\":\"C-DIG Solu\u00e7\u00f5es em Tecnologia & Certifica\u00e7\u00e3o Digital\",\"url\":\"https:\/\/www.cdiginformatica.com.br\/portal\/\",\"logo\":{\"@type\":\"ImageObject\",\"inLanguage\":\"pt-BR\",\"@id\":\"https:\/\/www.cdiginformatica.com.br\/portal\/#\/schema\/logo\/image\/\",\"url\":\"https:\/\/www.cdiginformatica.com.br\/portal\/wp-content\/uploads\/2022\/09\/LOGO-CDIG-SOLUCOES-E-CERTIFICACAO-PRETO.png\",\"contentUrl\":\"https:\/\/www.cdiginformatica.com.br\/portal\/wp-content\/uploads\/2022\/09\/LOGO-CDIG-SOLUCOES-E-CERTIFICACAO-PRETO.png\",\"width\":\"3322\",\"height\":\"1417\",\"caption\":\"C-DIG Solu\u00e7\u00f5es em Tecnologia & Certifica\u00e7\u00e3o Digital\"},\"image\":{\"@id\":\"https:\/\/www.cdiginformatica.com.br\/portal\/#\/schema\/logo\/image\/\"},\"sameAs\":[\"https:\/\/www.facebook.com\/cdiginformatica\",\"https:\/\/www.instagram.com\/cdiginformatica\",\"https:\/\/www.linkedin.com\/company\/cdigcertificadodigital\"]}]}<\/script>\n<!-- \/ Yoast SEO plugin. -->","yoast_head_json":{"title":"Servidores Lenovo - C-DIG Solu\u00e7\u00f5es em Tecnologia e Certifica\u00e7\u00e3o Digital","robots":{"index":"index","follow":"follow","max-snippet":"max-snippet:-1","max-image-preview":"max-image-preview:large","max-video-preview":"max-video-preview:-1"},"canonical":"https:\/\/www.cdiginformatica.com.br\/portal\/servidor-lenovo\/","og_locale":"pt_BR","og_type":"article","og_title":"Servidores Lenovo - C-DIG Solu\u00e7\u00f5es em Tecnologia e Certifica\u00e7\u00e3o Digital","og_url":"https:\/\/www.cdiginformatica.com.br\/portal\/servidor-lenovo\/","og_site_name":"C-DIG Solu\u00e7\u00f5es em Tecnologia e Certifica\u00e7\u00e3o Digital","article_publisher":"https:\/\/www.facebook.com\/cdiginformatica","article_modified_time":"2025-08-14T20:35:22+00:00","og_image":[{"width":3322,"height":1417,"url":"https:\/\/www.cdiginformatica.com.br\/portal\/wp-content\/uploads\/2022\/09\/LOGO-CDIG-SOLUCOES-E-CERTIFICACAO-PRETO.png","type":"image\/png"}],"twitter_misc":{"Est. tempo de leitura":"1 minuto"},"schema":{"@context":"https:\/\/schema.org","@graph":[{"@type":"WebPage","@id":"https:\/\/www.cdiginformatica.com.br\/portal\/servidor-lenovo\/","url":"https:\/\/www.cdiginformatica.com.br\/portal\/servidor-lenovo\/","name":"Servidores Lenovo - C-DIG Solu\u00e7\u00f5es em Tecnologia e Certifica\u00e7\u00e3o Digital","isPartOf":{"@id":"https:\/\/www.cdiginformatica.com.br\/portal\/#website"},"datePublished":"2021-04-16T17:52:44+00:00","dateModified":"2025-08-14T20:35:22+00:00","breadcrumb":{"@id":"https:\/\/www.cdiginformatica.com.br\/portal\/servidor-lenovo\/#breadcrumb"},"inLanguage":"pt-BR","potentialAction":[{"@type":"ReadAction","target":["https:\/\/www.cdiginformatica.com.br\/portal\/servidor-lenovo\/"]}]},{"@type":"BreadcrumbList","@id":"https:\/\/www.cdiginformatica.com.br\/portal\/servidor-lenovo\/#breadcrumb","itemListElement":[{"@type":"ListItem","position":1,"name":"In\u00edcio","item":"https:\/\/www.cdiginformatica.com.br\/portal\/"},{"@type":"ListItem","position":2,"name":"Servidores Lenovo"}]},{"@type":"WebSite","@id":"https:\/\/www.cdiginformatica.com.br\/portal\/#website","url":"https:\/\/www.cdiginformatica.com.br\/portal\/","name":"CDIG SOLU\u00c7\u00d5ES EM TECNOLOGIA & CERTIFICA\u00c7\u00c3O DIGITAL - N\u00daVEM, AUTOMA\u00c7\u00c3O COMERCIAL E EQUIPAMENTOS","description":"Certifica\u00e7\u00e3o Digital, Equipamentos para Automa\u00e7\u00e3o Comercial, Backup em N\u00favem, Firewall Bluepex, Nota Fiscal Eletr\u00f4nica, Servidores e Hardwares em geral","publisher":{"@id":"https:\/\/www.cdiginformatica.com.br\/portal\/#organization"},"potentialAction":[{"@type":"SearchAction","target":{"@type":"EntryPoint","urlTemplate":"https:\/\/www.cdiginformatica.com.br\/portal\/?s={search_term_string}"},"query-input":{"@type":"PropertyValueSpecification","valueRequired":true,"valueName":"search_term_string"}}],"inLanguage":"pt-BR"},{"@type":"Organization","@id":"https:\/\/www.cdiginformatica.com.br\/portal\/#organization","name":"C-DIG Solu\u00e7\u00f5es em Tecnologia & Certifica\u00e7\u00e3o Digital","url":"https:\/\/www.cdiginformatica.com.br\/portal\/","logo":{"@type":"ImageObject","inLanguage":"pt-BR","@id":"https:\/\/www.cdiginformatica.com.br\/portal\/#\/schema\/logo\/image\/","url":"https:\/\/www.cdiginformatica.com.br\/portal\/wp-content\/uploads\/2022\/09\/LOGO-CDIG-SOLUCOES-E-CERTIFICACAO-PRETO.png","contentUrl":"https:\/\/www.cdiginformatica.com.br\/portal\/wp-content\/uploads\/2022\/09\/LOGO-CDIG-SOLUCOES-E-CERTIFICACAO-PRETO.png","width":"3322","height":"1417","caption":"C-DIG Solu\u00e7\u00f5es em Tecnologia & Certifica\u00e7\u00e3o Digital"},"image":{"@id":"https:\/\/www.cdiginformatica.com.br\/portal\/#\/schema\/logo\/image\/"},"sameAs":["https:\/\/www.facebook.com\/cdiginformatica","https:\/\/www.instagram.com\/cdiginformatica","https:\/\/www.linkedin.com\/company\/cdigcertificadodigital"]}]}},"_links":{"self":[{"href":"https:\/\/www.cdiginformatica.com.br\/portal\/wp-json\/wp\/v2\/pages\/850","targetHints":{"allow":["GET"]}}],"collection":[{"href":"https:\/\/www.cdiginformatica.com.br\/portal\/wp-json\/wp\/v2\/pages"}],"about":[{"href":"https:\/\/www.cdiginformatica.com.br\/portal\/wp-json\/wp\/v2\/types\/page"}],"author":[{"embeddable":true,"href":"https:\/\/www.cdiginformatica.com.br\/portal\/wp-json\/wp\/v2\/users\/1"}],"replies":[{"embeddable":true,"href":"https:\/\/www.cdiginformatica.com.br\/portal\/wp-json\/wp\/v2\/comments?post=850"}],"version-history":[{"count":15,"href":"https:\/\/www.cdiginformatica.com.br\/portal\/wp-json\/wp\/v2\/pages\/850\/revisions"}],"predecessor-version":[{"id":1377,"href":"https:\/\/www.cdiginformatica.com.br\/portal\/wp-json\/wp\/v2\/pages\/850\/revisions\/1377"}],"wp:attachment":[{"href":"https:\/\/www.cdiginformatica.com.br\/portal\/wp-json\/wp\/v2\/media?parent=850"}],"curies":[{"name":"wp","href":"https:\/\/api.w.org\/{rel}","templated":true}]}}