{"id":744,"date":"2021-04-16T14:52:44","date_gmt":"2021-04-16T17:52:44","guid":{"rendered":"https:\/\/www.cdiginformatica.com.br\/portal\/?page_id=380"},"modified":"2025-01-24T07:55:37","modified_gmt":"2025-01-24T10:55:37","slug":"bluepex","status":"publish","type":"page","link":"https:\/\/www.cdiginformatica.com.br\/portal\/bluepex\/","title":{"rendered":"BluePex"},"content":{"rendered":"\n\n\nGerencie toda a <strong>TI<\/strong> de sua empresa em\numa Plataforma Full Cyber\ncom IA em um \u00fanico painel\n\n\n\n\n\n\n\n\n<span><\/span><h3><span style=\"color: rgb(0, 0, 0);\">Certificada com selo EED pelo Minist\u00e9rio da Defesa<\/span><\/h3>\n\n\n\n\n<h5><span style=\"font-weight: normal;\">Somos parceiros <\/span>GOLD<span style=\"font-weight: normal;\">&nbsp;<\/span><span style=\"color: rgb(0, 71, 178);\">BluePex<\/span><span style=\"font-weight: normal;\">, unindo tecnologia de ponta e servi\u00e7os especializados para garantir seguran\u00e7a, conformidade com a <\/span>LGPD e prote\u00e7\u00e3o total dos seus dados<span style=\"font-weight: normal;\">!<\/span><\/h5>\n\n\n\n\nAumente a visibilidade, controle e prote\u00e7\u00e3o da sua rede com o <strong>Firewall UTM NGFW&nbsp;<\/strong>com <strong>An\u00e1lise de Vulnerabilidade Automatizada<\/strong> com IA. <br>\n<br><strong>\nFirewall camada 7<\/strong> (Firewall APP), Antiv\u00edrus\/anti-ransomware de borda, Conex\u00e3o ilimitada de <strong>VPN e SD WAN<\/strong>, QoS prioriza\u00e7\u00e3o de banda, Balanceamento Inteligente de\nLinks de internet e gerenciamento centralizado em nuvem com relat\u00f3rios e BI.<br><br><br>\n\n\nA prote\u00e7\u00e3o passa pelo conhecimento e <strong>gest\u00e3o da sua rede<\/strong>, ganhe produtividade e visibilidade da \u00e1rea de TI com o Endpoint Control.\n<br><br><strong>\nAssessment, RMM<\/strong>, Acesso remoto, Invent\u00e1rio (CMDB, BSD, CIS), gerenciamento de produtividade (EMS, UEBA), <strong>gerenciamento, monitora\u00e7\u00e3o (SNMP)<\/strong>, controle completo dos dispositivos incluindo mobile (MDM) da sua planta tecnol\u00f3gica e DLP (Data Loss Prevention) para identificar usu\u00e1rios com dados confidenciais e evitar vazamentos, inclusive atrav\u00e9s de captura\/grava\u00e7\u00e3o de tela.<br><br>\n\n\nTenha uma ferramenta robusta e completa de Cloud Backup em nuvem e local.\n\nAn\u00e1lise de infec\u00e7\u00e3o por Ransomware, recupera\u00e7\u00e3o em caso de desastres, recebe aviso de status do backup.\n<br><br>\nProtegendo e recuperando automaticamente seus dados. M\u00e1quinas virtuais, MS SQL Server, Oracle, MYSQL e outros, al\u00e9m de servidores e esta\u00e7\u00f5es de trabalho, permite integra\u00e7\u00e3o com plataformas Microsoft Office 365 e Google Workspace.<br><br>\n\n\n\n\n\n\n<strong>Proteja sua empresa de v\u00edrus e ransomware<\/strong> com Endpoint Protection uma ferramenta poderosa de Antivirus e AntiMalware a servi\u00e7o de sua empresa.\n<br><br>\nEDR, <strong>ITM com Bloqueio de Pornografia<\/strong>, seguran\u00e7a e gerenciamento completo de Endpoints e Servidores com uma plataforma leve e r\u00e1pida com gest\u00e3o centralizada em nuvem com SandBox, XDR e SIEM nativo.<br><br>\n\n\n<strong>+ 90% dos ataques se iniciam por e-mail.\n<\/strong><br><br>\nProteja de forma definitiva seu e-mail com um avan\u00e7ado filtro anti-spam, anti-phishing (links maliciosos) incluso vazamento de dados na Dark Web, Blocks phishing, Advanced theat protection, prote\u00e7\u00e3o Zero Day.\n<br><br>\nEleva exponencialmente a seguran\u00e7a para Microsoft Office 365, baixo impacto de implanta\u00e7\u00e3o para os principais servidores\/servi\u00e7os de e-mail do mercado, Sandbox e muito mais.<br><br>\n\n\nAn\u00e1lise avan\u00e7ada de websites, <br>e-commerce e aplica\u00e7\u00f5es web.\n<br><br>\nAn\u00e1lise de vulnerabilidade das aplica\u00e7\u00f5es WEB (Pentest aut\u00f4nomo), monitoramento e seguran\u00e7a para seus websites n\u00e3o intrusivo (blackbox), an\u00e1lise de artefatos maliciosos, verifica\u00e7\u00e3o cont\u00ednua de listas negras (blacklist\u00b4s mundiais), monitoramento de status SSL, monitora\u00e7\u00e3o de apontamentos (DNS, MX, etc.).\n<br><br>\nMonitore em tempo real de amea\u00e7as e falhas que podem impactar seu neg\u00f3cio.<br><br>\n\n\n\n\n<h2 id='formulario'><\/h2>\n\n\n\n\n\n<p>SOLICITE UMA PROPOSTA<\/p>\n\nQualquer d\u00favida sobre as solu\u00e7\u00f5es e recursos&nbsp; BluePex&nbsp; entre em contato conosco. \n\nCriaremos uma <strong>proposta personalizada<\/strong> de acordo com as suas necessidades. N\u00e3o invista mais em equipamentos que logo ficar\u00e3o obsoletos e que podem falhar em qualquer instante.\n<br><br>\nDesenvolvemos solu\u00e7\u00f5es inovadoras, completas, intuitivas e pr\u00e1ticas, n\u00e3o sendo necess\u00e1rio integra\u00e7\u00e3o. Estamos prontos para proteger sua empresa de todas as amea\u00e7as cibern\u00e9ticas.\n<br><br>\nNossos especialistas podem apresentar mais sobre nossas solu\u00e7\u00f5es e indicar qual \u00e9 a mais adequada para sua empresa.\n\n\n<div class=\"forminator-ui forminator-custom-form forminator-custom-form-1290 forminator-design--flat forminator-enclosed forminator_ajax\" data-forminator-render=\"0\" data-form=\"forminator-module-1290\" data-uid=\"69ea2e60c6361\"><br\/><\/div><form\n\t\t\t\tid=\"forminator-module-1290\"\n\t\t\t\tclass=\"forminator-ui forminator-custom-form forminator-custom-form-1290 forminator-design--flat forminator-enclosed forminator_ajax\"\n\t\t\t\tmethod=\"post\"\n\t\t\t\tdata-forminator-render=\"0\"\n\t\t\t\tdata-form-id=\"1290\"\n\t\t\t\t\n\t\t\t\tdata-design=\"flat\"\n\t\t\t\t\n\t\t\t\t\n\t\t\t\t\n\t\t\t\tdata-grid=\"enclosed\"\n\t\t\t\t\n\t\t\t\t\n\t\t\t\tstyle=\"display: none;\"\n\t\t\t\t\n\t\t\t\tdata-uid=\"69ea2e60c6361\"\n\t\t\t><div role=\"alert\" aria-live=\"polite\" class=\"forminator-response-message forminator-error\" aria-hidden=\"true\"><\/div><div class=\"forminator-row\"><div id=\"name-1\" class=\"forminator-field-name forminator-col forminator-col-12 \"><div class=\"forminator-field\"><label for=\"forminator-field-name-1_69ea2e60c6361\" id=\"forminator-field-name-1_69ea2e60c6361-label\" class=\"forminator-label\">Nome Completo <span class=\"forminator-required\">*<\/span><\/label><input type=\"text\" name=\"name-1\" value=\"\" placeholder=\"\" id=\"forminator-field-name-1_69ea2e60c6361\" class=\"forminator-input forminator-name--field\" aria-required=\"true\" \/><\/div><\/div><\/div><div class=\"forminator-row\"><div id=\"name-2\" class=\"forminator-field-name forminator-col forminator-col-12 \"><div class=\"forminator-field\"><label for=\"forminator-field-name-2_69ea2e60c6361\" id=\"forminator-field-name-2_69ea2e60c6361-label\" class=\"forminator-label\">Raz\u00e3o Social <span class=\"forminator-required\">*<\/span><\/label><input type=\"text\" name=\"name-2\" value=\"\" placeholder=\"\" id=\"forminator-field-name-2_69ea2e60c6361\" class=\"forminator-input forminator-name--field\" aria-required=\"true\" \/><\/div><\/div><\/div><div class=\"forminator-row\"><div id=\"text-1\" class=\"forminator-field-text forminator-col forminator-col-12 \"><div class=\"forminator-field\"><label for=\"forminator-field-text-1_69ea2e60c6361\" id=\"forminator-field-text-1_69ea2e60c6361-label\" class=\"forminator-label\">CNPJ <span class=\"forminator-required\">*<\/span><\/label><input type=\"text\" name=\"text-1\" value=\"\" placeholder=\"00.000.000\/0000-00\" id=\"forminator-field-text-1_69ea2e60c6361\" class=\"forminator-input forminator-name--field\" data-required=\"1\" maxlength=\"18\" \/><span id=\"forminator-field-text-1_69ea2e60c6361-description\" class=\"forminator-description\"><span data-limit=\"18\" data-type=\"characters\">0 \/ 18<\/span><\/span><\/div><\/div><\/div><div class=\"forminator-row\"><div id=\"email-1\" class=\"forminator-field-email forminator-col forminator-col-6 \"><div class=\"forminator-field\"><label for=\"forminator-field-email-1_69ea2e60c6361\" id=\"forminator-field-email-1_69ea2e60c6361-label\" class=\"forminator-label\">E-mail <span class=\"forminator-required\">*<\/span><\/label><input type=\"email\" name=\"email-1\" value=\"\" placeholder=\"\" id=\"forminator-field-email-1_69ea2e60c6361\" class=\"forminator-input forminator-email--field\" data-required=\"1\" aria-required=\"true\" \/><\/div><\/div><div id=\"phone-1\" class=\"forminator-field-phone forminator-col forminator-col-6 \"><div class=\"forminator-field\"><label for=\"forminator-field-phone-1_69ea2e60c6361\" id=\"forminator-field-phone-1_69ea2e60c6361-label\" class=\"forminator-label\">Telefone\/Whatsapp <span class=\"forminator-required\">*<\/span><\/label><input type=\"text\" name=\"phone-1\" value=\"\" placeholder=\"(xx) xxxxxxxxx\" id=\"forminator-field-phone-1_69ea2e60c6361\" class=\"forminator-input forminator-field--phone\" data-required=\"1\" aria-required=\"true\" autocomplete=\"off\" data-national_mode=\"enabled\" data-country=\"br\" data-validation=\"standard\" \/><\/div><\/div><\/div><div class=\"forminator-row\"><div id=\"select-1\" class=\"forminator-field-select forminator-col forminator-col-12 \"><div class=\"forminator-field\"><label for=\"forminator-form-1290__field--select-1_69ea2e60c6361\" id=\"forminator-form-1290__field--select-1_69ea2e60c6361-label\" class=\"forminator-label\">Escolha qual a solu\u00e7\u00e3o BluePex <span class=\"forminator-required\">*<\/span><\/label><select  id=\"forminator-form-1290__field--select-1_69ea2e60c6361\" class=\"forminator-select--field forminator-select2 forminator-select2-multiple\" data-required=\"1\" name=\"select-1\" data-default-value=\"\" data-hidden-behavior=\"zero\" data-placeholder=\"Selecione\" data-search=\"false\" data-search-placeholder=\"Selecione\" data-checkbox=\"false\" data-allow-clear=\"false\" aria-labelledby=\"forminator-form-1290__field--select-1_69ea2e60c6361-label\"><option value=\"\"  >Selecione<\/option><option value=\"one\"  data-calculation=\"0\">Cloud Backup<\/option><option value=\"two\"  data-calculation=\"0\">BluePex UTM<\/option><\/select><\/div><\/div><\/div><div class=\"forminator-row\"><div id=\"textarea-1\" class=\"forminator-field-textarea forminator-col forminator-col-12 \"><div class=\"forminator-field\"><label for=\"forminator-field-textarea-1_69ea2e60c6361\" id=\"forminator-field-textarea-1_69ea2e60c6361-label\" class=\"forminator-label\">Descreva suas necessidades<\/label><textarea name=\"textarea-1\" placeholder=\"\" id=\"forminator-field-textarea-1_69ea2e60c6361\" class=\"forminator-textarea\" rows=\"6\" style=\"min-height:140px;\" ><\/textarea><\/div><\/div><\/div><div class=\"forminator-row\"><div id=\"consent-1\" class=\"forminator-field-consent forminator-col forminator-col-12  style=&#039;font-size:10px; color:#ffffff&#039;\"><div class=\"forminator-field\"><div class=\"forminator-checkbox__wrapper\"><label id=\"forminator-field-consent-1_69ea2e60c6361__label\" class=\"forminator-checkbox forminator-consent\" aria-labelledby=\"forminator-field-consent-1_69ea2e60c6361-label\" aria-hidden=\"true\"><input type=\"checkbox\" name=\"consent-1\" id=\"forminator-field-consent-1_69ea2e60c6361\" value=\"checked\" aria-labelledby=\"forminator-field-consent-1_69ea2e60c6361-label\" aria-describedby=\"forminator-field-consent-1_69ea2e60c6361__description\" data-required=\"true\" aria-required=\"true\" \/><span class=\"forminator-checkbox-box\" aria-hidden=\"true\"><\/span><\/label><div id=\"forminator-field-consent-1_69ea2e60c6361__description\" class=\"forminator-checkbox__label forminator-consent__label\"><p>Autorizo a utiliza\u00e7\u00e3o dos dados informados neste cadastro, a t\u00edtulo gratuito, pela C-DIG e demais institui\u00e7\u00f5es parceiras, com a finalidade de gerar dados estat\u00edsticos; promover conhecimento, inclus\u00e3o social, amparo legal, bem como para viabilizar a\u00e7\u00f5es e projetos. Igualmente, autorizo a utiliza\u00e7\u00e3o do dos meus dados cadastrais, em especial nome, e-mail e n\u00famero de telefone, para envio de boletins informativos, not\u00edcias, divulga\u00e7\u00e3o de produtos e servi\u00e7os, e outros comunicados. Esta autoriza\u00e7\u00e3o poder\u00e1 ser revogada a qualquer momento, mediante simples requerimento \u00e0 C-DIG por meio do e-mail loja@cdiginformatica.com.br.<\/p><\/div><\/div><\/div><\/div><\/div><div class=\"forminator-row\"><div id=\"captcha-1\" class=\"forminator-field-captcha forminator-col forminator-col-12 \"><div class=\"forminator-captcha-right forminator-g-recaptcha recaptcha-invisible\" data-theme=\"light\" data-badge=\"inline\" data-sitekey=\"6Lchy6waAAAAABMM64TQgECmUeO2BSYvq3yyue8Z\" data-size=\"invisible\"><\/div> <\/div><\/div><input type=\"hidden\" name=\"referer_url\" value=\"\" \/><div class=\"forminator-row forminator-row-last\"><div class=\"forminator-col\"><div class=\"forminator-field\"><button class=\"forminator-button forminator-button-submit\">Enviar mensagem<\/button><\/div><\/div><\/div><input type=\"hidden\" id=\"forminator_nonce\" name=\"forminator_nonce\" value=\"8611c385fd\" \/><input type=\"hidden\" name=\"_wp_http_referer\" value=\"\/portal\/wp-json\/wp\/v2\/pages\/744\" \/><input type=\"hidden\" name=\"form_id\" value=\"1290\"><input type=\"hidden\" name=\"page_id\" value=\"744\"><input type=\"hidden\" name=\"form_type\" value=\"default\"><input type=\"hidden\" name=\"current_url\" value=\"https:\/\/www.cdiginformatica.com.br\/portal\/bluepex\/\"><input type=\"hidden\" name=\"render_id\" value=\"0\"><input type=\"hidden\" name=\"action\" value=\"forminator_submit_form_custom-forms\"><\/form>\n\n\n","protected":false},"excerpt":{"rendered":"","protected":false},"author":1,"featured_media":1314,"parent":0,"menu_order":0,"comment_status":"closed","ping_status":"closed","template":"elementor_theme","meta":{"pagelayer_contact_templates":[],"_pagelayer_content":"","_monsterinsights_skip_tracking":false,"_monsterinsights_sitenote_active":false,"_monsterinsights_sitenote_note":"","_monsterinsights_sitenote_category":0,"footnotes":""},"class_list":["post-744","page","type-page","status-publish","has-post-thumbnail","hentry"],"yoast_head":"<!-- This site is optimized with the Yoast SEO plugin v27.2 - https:\/\/yoast.com\/product\/yoast-seo-wordpress\/ -->\n<title>BluePex - C-DIG Solu\u00e7\u00f5es em Tecnologia e Certifica\u00e7\u00e3o Digital<\/title>\n<meta name=\"robots\" content=\"index, follow, max-snippet:-1, max-image-preview:large, max-video-preview:-1\" \/>\n<link rel=\"canonical\" href=\"https:\/\/www.cdiginformatica.com.br\/portal\/bluepex\/\" \/>\n<meta property=\"og:locale\" content=\"pt_BR\" \/>\n<meta property=\"og:type\" content=\"article\" \/>\n<meta property=\"og:title\" content=\"BluePex - C-DIG Solu\u00e7\u00f5es em Tecnologia e Certifica\u00e7\u00e3o Digital\" \/>\n<meta property=\"og:url\" content=\"https:\/\/www.cdiginformatica.com.br\/portal\/bluepex\/\" \/>\n<meta property=\"og:site_name\" content=\"C-DIG Solu\u00e7\u00f5es em Tecnologia e Certifica\u00e7\u00e3o Digital\" \/>\n<meta property=\"article:publisher\" content=\"https:\/\/www.facebook.com\/cdiginformatica\" \/>\n<meta property=\"article:modified_time\" content=\"2025-01-24T10:55:37+00:00\" \/>\n<meta property=\"og:image\" content=\"https:\/\/www.cdiginformatica.com.br\/portal\/wp-content\/uploads\/2025\/01\/bluepex_compartilhamento_social_01.png\" \/>\n\t<meta property=\"og:image:width\" content=\"1920\" \/>\n\t<meta property=\"og:image:height\" content=\"1080\" \/>\n\t<meta property=\"og:image:type\" content=\"image\/png\" \/>\n<meta name=\"twitter:label1\" content=\"Est. tempo de leitura\" \/>\n\t<meta name=\"twitter:data1\" content=\"1 minuto\" \/>\n<script type=\"application\/ld+json\" class=\"yoast-schema-graph\">{\"@context\":\"https:\/\/schema.org\",\"@graph\":[{\"@type\":\"WebPage\",\"@id\":\"https:\/\/www.cdiginformatica.com.br\/portal\/bluepex\/\",\"url\":\"https:\/\/www.cdiginformatica.com.br\/portal\/bluepex\/\",\"name\":\"BluePex - C-DIG Solu\u00e7\u00f5es em Tecnologia e Certifica\u00e7\u00e3o Digital\",\"isPartOf\":{\"@id\":\"https:\/\/www.cdiginformatica.com.br\/portal\/#website\"},\"primaryImageOfPage\":{\"@id\":\"https:\/\/www.cdiginformatica.com.br\/portal\/bluepex\/#primaryimage\"},\"image\":{\"@id\":\"https:\/\/www.cdiginformatica.com.br\/portal\/bluepex\/#primaryimage\"},\"thumbnailUrl\":\"https:\/\/www.cdiginformatica.com.br\/portal\/wp-content\/uploads\/2025\/01\/bluepex_compartilhamento_social_01.png\",\"datePublished\":\"2021-04-16T17:52:44+00:00\",\"dateModified\":\"2025-01-24T10:55:37+00:00\",\"breadcrumb\":{\"@id\":\"https:\/\/www.cdiginformatica.com.br\/portal\/bluepex\/#breadcrumb\"},\"inLanguage\":\"pt-BR\",\"potentialAction\":[{\"@type\":\"ReadAction\",\"target\":[\"https:\/\/www.cdiginformatica.com.br\/portal\/bluepex\/\"]}]},{\"@type\":\"ImageObject\",\"inLanguage\":\"pt-BR\",\"@id\":\"https:\/\/www.cdiginformatica.com.br\/portal\/bluepex\/#primaryimage\",\"url\":\"https:\/\/www.cdiginformatica.com.br\/portal\/wp-content\/uploads\/2025\/01\/bluepex_compartilhamento_social_01.png\",\"contentUrl\":\"https:\/\/www.cdiginformatica.com.br\/portal\/wp-content\/uploads\/2025\/01\/bluepex_compartilhamento_social_01.png\",\"width\":1920,\"height\":1080},{\"@type\":\"BreadcrumbList\",\"@id\":\"https:\/\/www.cdiginformatica.com.br\/portal\/bluepex\/#breadcrumb\",\"itemListElement\":[{\"@type\":\"ListItem\",\"position\":1,\"name\":\"In\u00edcio\",\"item\":\"https:\/\/www.cdiginformatica.com.br\/portal\/\"},{\"@type\":\"ListItem\",\"position\":2,\"name\":\"BluePex\"}]},{\"@type\":\"WebSite\",\"@id\":\"https:\/\/www.cdiginformatica.com.br\/portal\/#website\",\"url\":\"https:\/\/www.cdiginformatica.com.br\/portal\/\",\"name\":\"CDIG SOLU\u00c7\u00d5ES EM TECNOLOGIA & CERTIFICA\u00c7\u00c3O DIGITAL - N\u00daVEM, AUTOMA\u00c7\u00c3O COMERCIAL E EQUIPAMENTOS\",\"description\":\"Certifica\u00e7\u00e3o Digital, Equipamentos para Automa\u00e7\u00e3o Comercial, Backup em N\u00favem, Firewall Bluepex, Nota Fiscal Eletr\u00f4nica, Servidores e Hardwares em geral\",\"publisher\":{\"@id\":\"https:\/\/www.cdiginformatica.com.br\/portal\/#organization\"},\"potentialAction\":[{\"@type\":\"SearchAction\",\"target\":{\"@type\":\"EntryPoint\",\"urlTemplate\":\"https:\/\/www.cdiginformatica.com.br\/portal\/?s={search_term_string}\"},\"query-input\":{\"@type\":\"PropertyValueSpecification\",\"valueRequired\":true,\"valueName\":\"search_term_string\"}}],\"inLanguage\":\"pt-BR\"},{\"@type\":\"Organization\",\"@id\":\"https:\/\/www.cdiginformatica.com.br\/portal\/#organization\",\"name\":\"C-DIG Solu\u00e7\u00f5es em Tecnologia & Certifica\u00e7\u00e3o Digital\",\"url\":\"https:\/\/www.cdiginformatica.com.br\/portal\/\",\"logo\":{\"@type\":\"ImageObject\",\"inLanguage\":\"pt-BR\",\"@id\":\"https:\/\/www.cdiginformatica.com.br\/portal\/#\/schema\/logo\/image\/\",\"url\":\"https:\/\/www.cdiginformatica.com.br\/portal\/wp-content\/uploads\/2022\/09\/LOGO-CDIG-SOLUCOES-E-CERTIFICACAO-PRETO.png\",\"contentUrl\":\"https:\/\/www.cdiginformatica.com.br\/portal\/wp-content\/uploads\/2022\/09\/LOGO-CDIG-SOLUCOES-E-CERTIFICACAO-PRETO.png\",\"width\":\"3322\",\"height\":\"1417\",\"caption\":\"C-DIG Solu\u00e7\u00f5es em Tecnologia & Certifica\u00e7\u00e3o Digital\"},\"image\":{\"@id\":\"https:\/\/www.cdiginformatica.com.br\/portal\/#\/schema\/logo\/image\/\"},\"sameAs\":[\"https:\/\/www.facebook.com\/cdiginformatica\",\"https:\/\/www.instagram.com\/cdiginformatica\",\"https:\/\/www.linkedin.com\/company\/cdigcertificadodigital\"]}]}<\/script>\n<!-- \/ Yoast SEO plugin. -->","yoast_head_json":{"title":"BluePex - C-DIG Solu\u00e7\u00f5es em Tecnologia e Certifica\u00e7\u00e3o Digital","robots":{"index":"index","follow":"follow","max-snippet":"max-snippet:-1","max-image-preview":"max-image-preview:large","max-video-preview":"max-video-preview:-1"},"canonical":"https:\/\/www.cdiginformatica.com.br\/portal\/bluepex\/","og_locale":"pt_BR","og_type":"article","og_title":"BluePex - C-DIG Solu\u00e7\u00f5es em Tecnologia e Certifica\u00e7\u00e3o Digital","og_url":"https:\/\/www.cdiginformatica.com.br\/portal\/bluepex\/","og_site_name":"C-DIG Solu\u00e7\u00f5es em Tecnologia e Certifica\u00e7\u00e3o Digital","article_publisher":"https:\/\/www.facebook.com\/cdiginformatica","article_modified_time":"2025-01-24T10:55:37+00:00","og_image":[{"width":1920,"height":1080,"url":"https:\/\/www.cdiginformatica.com.br\/portal\/wp-content\/uploads\/2025\/01\/bluepex_compartilhamento_social_01.png","type":"image\/png"}],"twitter_misc":{"Est. tempo de leitura":"1 minuto"},"schema":{"@context":"https:\/\/schema.org","@graph":[{"@type":"WebPage","@id":"https:\/\/www.cdiginformatica.com.br\/portal\/bluepex\/","url":"https:\/\/www.cdiginformatica.com.br\/portal\/bluepex\/","name":"BluePex - C-DIG Solu\u00e7\u00f5es em Tecnologia e Certifica\u00e7\u00e3o Digital","isPartOf":{"@id":"https:\/\/www.cdiginformatica.com.br\/portal\/#website"},"primaryImageOfPage":{"@id":"https:\/\/www.cdiginformatica.com.br\/portal\/bluepex\/#primaryimage"},"image":{"@id":"https:\/\/www.cdiginformatica.com.br\/portal\/bluepex\/#primaryimage"},"thumbnailUrl":"https:\/\/www.cdiginformatica.com.br\/portal\/wp-content\/uploads\/2025\/01\/bluepex_compartilhamento_social_01.png","datePublished":"2021-04-16T17:52:44+00:00","dateModified":"2025-01-24T10:55:37+00:00","breadcrumb":{"@id":"https:\/\/www.cdiginformatica.com.br\/portal\/bluepex\/#breadcrumb"},"inLanguage":"pt-BR","potentialAction":[{"@type":"ReadAction","target":["https:\/\/www.cdiginformatica.com.br\/portal\/bluepex\/"]}]},{"@type":"ImageObject","inLanguage":"pt-BR","@id":"https:\/\/www.cdiginformatica.com.br\/portal\/bluepex\/#primaryimage","url":"https:\/\/www.cdiginformatica.com.br\/portal\/wp-content\/uploads\/2025\/01\/bluepex_compartilhamento_social_01.png","contentUrl":"https:\/\/www.cdiginformatica.com.br\/portal\/wp-content\/uploads\/2025\/01\/bluepex_compartilhamento_social_01.png","width":1920,"height":1080},{"@type":"BreadcrumbList","@id":"https:\/\/www.cdiginformatica.com.br\/portal\/bluepex\/#breadcrumb","itemListElement":[{"@type":"ListItem","position":1,"name":"In\u00edcio","item":"https:\/\/www.cdiginformatica.com.br\/portal\/"},{"@type":"ListItem","position":2,"name":"BluePex"}]},{"@type":"WebSite","@id":"https:\/\/www.cdiginformatica.com.br\/portal\/#website","url":"https:\/\/www.cdiginformatica.com.br\/portal\/","name":"CDIG SOLU\u00c7\u00d5ES EM TECNOLOGIA & CERTIFICA\u00c7\u00c3O DIGITAL - N\u00daVEM, AUTOMA\u00c7\u00c3O COMERCIAL E EQUIPAMENTOS","description":"Certifica\u00e7\u00e3o Digital, Equipamentos para Automa\u00e7\u00e3o Comercial, Backup em N\u00favem, Firewall Bluepex, Nota Fiscal Eletr\u00f4nica, Servidores e Hardwares em geral","publisher":{"@id":"https:\/\/www.cdiginformatica.com.br\/portal\/#organization"},"potentialAction":[{"@type":"SearchAction","target":{"@type":"EntryPoint","urlTemplate":"https:\/\/www.cdiginformatica.com.br\/portal\/?s={search_term_string}"},"query-input":{"@type":"PropertyValueSpecification","valueRequired":true,"valueName":"search_term_string"}}],"inLanguage":"pt-BR"},{"@type":"Organization","@id":"https:\/\/www.cdiginformatica.com.br\/portal\/#organization","name":"C-DIG Solu\u00e7\u00f5es em Tecnologia & Certifica\u00e7\u00e3o Digital","url":"https:\/\/www.cdiginformatica.com.br\/portal\/","logo":{"@type":"ImageObject","inLanguage":"pt-BR","@id":"https:\/\/www.cdiginformatica.com.br\/portal\/#\/schema\/logo\/image\/","url":"https:\/\/www.cdiginformatica.com.br\/portal\/wp-content\/uploads\/2022\/09\/LOGO-CDIG-SOLUCOES-E-CERTIFICACAO-PRETO.png","contentUrl":"https:\/\/www.cdiginformatica.com.br\/portal\/wp-content\/uploads\/2022\/09\/LOGO-CDIG-SOLUCOES-E-CERTIFICACAO-PRETO.png","width":"3322","height":"1417","caption":"C-DIG Solu\u00e7\u00f5es em Tecnologia & Certifica\u00e7\u00e3o Digital"},"image":{"@id":"https:\/\/www.cdiginformatica.com.br\/portal\/#\/schema\/logo\/image\/"},"sameAs":["https:\/\/www.facebook.com\/cdiginformatica","https:\/\/www.instagram.com\/cdiginformatica","https:\/\/www.linkedin.com\/company\/cdigcertificadodigital"]}]}},"_links":{"self":[{"href":"https:\/\/www.cdiginformatica.com.br\/portal\/wp-json\/wp\/v2\/pages\/744","targetHints":{"allow":["GET"]}}],"collection":[{"href":"https:\/\/www.cdiginformatica.com.br\/portal\/wp-json\/wp\/v2\/pages"}],"about":[{"href":"https:\/\/www.cdiginformatica.com.br\/portal\/wp-json\/wp\/v2\/types\/page"}],"author":[{"embeddable":true,"href":"https:\/\/www.cdiginformatica.com.br\/portal\/wp-json\/wp\/v2\/users\/1"}],"replies":[{"embeddable":true,"href":"https:\/\/www.cdiginformatica.com.br\/portal\/wp-json\/wp\/v2\/comments?post=744"}],"version-history":[{"count":64,"href":"https:\/\/www.cdiginformatica.com.br\/portal\/wp-json\/wp\/v2\/pages\/744\/revisions"}],"predecessor-version":[{"id":1336,"href":"https:\/\/www.cdiginformatica.com.br\/portal\/wp-json\/wp\/v2\/pages\/744\/revisions\/1336"}],"wp:featuredmedia":[{"embeddable":true,"href":"https:\/\/www.cdiginformatica.com.br\/portal\/wp-json\/wp\/v2\/media\/1314"}],"wp:attachment":[{"href":"https:\/\/www.cdiginformatica.com.br\/portal\/wp-json\/wp\/v2\/media?parent=744"}],"curies":[{"name":"wp","href":"https:\/\/api.w.org\/{rel}","templated":true}]}}