{"id":261,"date":"2021-04-13T21:17:36","date_gmt":"2021-04-14T00:17:36","guid":{"rendered":"https:\/\/www.cdiginformatica.com.br\/portal\/?page_id=261"},"modified":"2025-11-26T20:38:25","modified_gmt":"2025-11-26T23:38:25","slug":"home","status":"publish","type":"page","link":"https:\/\/www.cdiginformatica.com.br\/portal\/","title":{"rendered":"Home"},"content":{"rendered":"\n\n\nProteja sua empresa com solu\u00e7\u00f5es que tornam a <br><strong style=\"color: rgb(102, 163, 224);\">Gest\u00e3o de T.I.<\/strong> mais segura e confi\u00e1vel.\n\nReduza amea\u00e7as e mantenha-se sempre protegido.\n\n\n\n\n\n\n\n\n\n\n\n\n\n\n\n\n\n\n\n\n\n\n\n\n\n\n\n\n\n\n\n\n\n\n\n\n\n\n\n\n\n\n\n\n\n\n\n\n\n\n\n\n\n\n\n\n\n<p><span style=\"color: rgb(0, 0, 0); font-family: Arial; letter-spacing: normal; text-transform: none; text-decoration-style: initial;\">CERTIFICADOS MAIS VENDIDOS<\/span><\/p>\n\n\n\n\n\n\n\n\n\r\n<h2>eCNPJ A1<\/h2>\r\n\n<h6><strong>Validade de 12 meses<\/strong><br>sem limite de uso <br>de <span style=\"text-decoration: line-through;\"><strong>R$ 274,90<\/strong><\/span> por<\/h6>\n<h2>R$ 233,67<\/h2>\n\r\n<h6>Em at\u00e9 12x sem juros<br \/>no cart\u00e3o de cr\u00e9dito<\/h6>\r\n\n\n\n\n\n\n\n\n\n\r\n<h2>eCPF A1<\/h2>\r\n\n<h6><strong>Validade de 12 meses<\/strong><br>sem limite de uso <br>de <span style=\"text-decoration: line-through;\"><strong>R$ 186,90<\/strong><\/span> por<\/h6>\n<h2>R$ 158,87<\/h2>\n\r\n<h6>Em at\u00e9 12x sem juros<br \/>no cart\u00e3o de cr\u00e9dito<\/h6>\r\n\n\n\n\n\n\n\n\n\n\r\n<h2>OAB A3<\/h2>\r\n\n\r\n<h6><strong><em>Validade de 36 meses<\/em><\/strong><br \/>sem limite de uso <br \/>a partir de<\/h6>\r\n\n\r\n<h2>R$ 130,00<\/h2>\r\n\n\r\n<h6>Em at\u00e9 12x sem juros<br \/>no cart\u00e3o de cr\u00e9dito<\/h6>\r\n\n\n\n\n\n\n\n\n\n\n<p>quem somos<\/p>\n\nDesde 2014, a <strong>C-DIG<\/strong> atua no mercado de certifica\u00e7\u00e3o digital com <strong>seguran\u00e7a, confian\u00e7a e agilidade<\/strong>, sendo Autoridade de Registro da <strong>Certisign<\/strong>, a maior Autoridade Certificadora do Brasil. Nossa credibilidade foi conquistada pela seriedade no atendimento e pela inova\u00e7\u00e3o, como a coleta biom\u00e9trica, utilizada desde 2015 para garantir autenticidade e prote\u00e7\u00e3o.\n<br><br>\nCom a evolu\u00e7\u00e3o do mercado, ampliamos nosso portf\u00f3lio e hoje oferecemos solu\u00e7\u00f5es completas em ciberseguran\u00e7a <strong>Bluepex, revenda oficial de equipamentos Lenovo e HP<\/strong> e tecnologias para automa\u00e7\u00e3o comercial, proporcionando mais efici\u00eancia e prote\u00e7\u00e3o para empresas de todos os portes.\n<br><br>\nNosso compromisso \u00e9 levar <strong>seguran\u00e7a, inova\u00e7\u00e3o e economia de recursos<\/strong> aos clientes, fortalecendo neg\u00f3cios com solu\u00e7\u00f5es digitais confi\u00e1veis e sustent\u00e1veis.\n\n\n<p style=\"text-align: justify;\">Oferecer solu\u00e7\u00f5es completas em certifica\u00e7\u00e3o digital, ciberseguran\u00e7a, tecnologia e automa\u00e7\u00e3o comercial, garantindo <strong data-start=\"316\" data-end=\"358\">seguran\u00e7a, confiabilidade e efici\u00eancia<\/strong> para empresas e profissionais, gerando economia de tempo e recursos.<\/p>\n<p style=\"text-align: justify;\">Ser refer\u00eancia no mercado nacional em <strong data-start=\"481\" data-end=\"515\">seguran\u00e7a digital e tecnologia<\/strong>, reconhecida pela inova\u00e7\u00e3o, credibilidade e excel\u00eancia no atendimento, contribuindo para um futuro mais <strong data-start=\"620\" data-end=\"644\">seguro e sustent\u00e1vel<\/strong>.<\/p>\n<ul><li><strong>\u00c9tica e Transpar\u00eancia<\/strong>: agir sempre com responsabilidade e clareza em cada rela\u00e7\u00e3o.&nbsp;<\/li><li>Seguran\u00e7a e Confiabilidade: proteger dados e processos com as melhores pr\u00e1ticas e tecnologias.&nbsp;<\/li><li><strong>Inova\u00e7\u00e3o<\/strong>: oferecer solu\u00e7\u00f5es modernas que acompanham as transforma\u00e7\u00f5es digitais.&nbsp;<\/li><li><strong>Respeito ao Cliente<\/strong>: atender com agilidade, proximidade e compromisso.&nbsp;<\/li><li><strong>Responsabilidade Sustent\u00e1vel:<\/strong> promover solu\u00e7\u00f5es que geram economia de recursos e impacto positivo no neg\u00f3cio dos clientes.&nbsp;<\/li><li><strong>Dinamismo:<\/strong> adaptar-se \u00e0s mudan\u00e7as do mercado com rapidez e efici\u00eancia.<\/li><\/ul>\n\n\n\n\n\n<p><span style=\"color: rgb(0, 0, 0); font-family: Arial; letter-spacing: normal; text-transform: none; text-decoration-style: initial;\">REVENDEDOR AUTORIZADO<\/span><\/p>\n\n\n\n\n\n\n\n<p>FALE cONOSCO<\/p>\n\nEm caso de duvidas ou or\u00e7amentos, entre em contato com a gente.<br>\n\n\n\nHOR\u00c1RIO DE ATENDIMENTO\n<strong>Segunda \u00e0 sexta:<\/strong> 08H30 \u00e0s 11H30 &#8211; 13H00 \u00e0s 17H00\n\n\n\n\n\n<div class=\"forminator-ui forminator-custom-form forminator-custom-form-943 forminator-design--default  forminator_ajax\" data-forminator-render=\"0\" data-form=\"forminator-module-943\" data-uid=\"69ea1576af19b\"><br\/><\/div><form\n\t\t\t\tid=\"forminator-module-943\"\n\t\t\t\tclass=\"forminator-ui forminator-custom-form forminator-custom-form-943 forminator-design--default  forminator_ajax\"\n\t\t\t\tmethod=\"post\"\n\t\t\t\tdata-forminator-render=\"0\"\n\t\t\t\tdata-form-id=\"943\"\n\t\t\t\t\n\t\t\t\tdata-design=\"default\"\n\t\t\t\t\n\t\t\t\t\n\t\t\t\t\n\t\t\t\tdata-grid=\"open\"\n\t\t\t\t\n\t\t\t\t\n\t\t\t\tstyle=\"display: none;\"\n\t\t\t\t\n\t\t\t\tdata-uid=\"69ea1576af19b\"\n\t\t\t><div role=\"alert\" aria-live=\"polite\" class=\"forminator-response-message forminator-error\" aria-hidden=\"true\"><\/div><div class=\"forminator-row\"><div id=\"name-1\" class=\"forminator-field-name forminator-col forminator-col-12 \"><div class=\"forminator-field\"><label for=\"forminator-field-name-1_69ea1576af19b\" id=\"forminator-field-name-1_69ea1576af19b-label\" class=\"forminator-label\">Nome Completo <span class=\"forminator-required\">*<\/span><\/label><input type=\"text\" name=\"name-1\" value=\"\" placeholder=\"\" id=\"forminator-field-name-1_69ea1576af19b\" class=\"forminator-input forminator-name--field\" aria-required=\"true\" \/><\/div><\/div><\/div><div class=\"forminator-row\"><div id=\"phone-1\" class=\"forminator-field-phone forminator-col forminator-col-6 \"><div class=\"forminator-field\"><label for=\"forminator-field-phone-1_69ea1576af19b\" id=\"forminator-field-phone-1_69ea1576af19b-label\" class=\"forminator-label\">Telefone<\/label><input type=\"text\" name=\"phone-1\" value=\"\" placeholder=\"\" id=\"forminator-field-phone-1_69ea1576af19b\" class=\"forminator-input forminator-field--phone\" data-required=\"\" aria-required=\"false\" autocomplete=\"off\" data-national_mode=\"enabled\" data-country=\"br\" data-validation=\"standard\" \/><\/div><\/div><div id=\"email-1\" class=\"forminator-field-email forminator-col forminator-col-6 \"><div class=\"forminator-field\"><label for=\"forminator-field-email-1_69ea1576af19b\" id=\"forminator-field-email-1_69ea1576af19b-label\" class=\"forminator-label\">Endere\u00e7o de E-mail <span class=\"forminator-required\">*<\/span><\/label><input type=\"email\" name=\"email-1\" value=\"\" placeholder=\"\" id=\"forminator-field-email-1_69ea1576af19b\" class=\"forminator-input forminator-email--field\" data-required=\"true\" aria-required=\"true\" \/><\/div><\/div><\/div><div class=\"forminator-row\"><input type=\"hidden\" id=\"hidden-1_69ea1576af19b\" name=\"hidden-1\" value=\"P\u00e1gina Principal\" \/><div id=\"textarea-1\" class=\"forminator-field-textarea forminator-col forminator-col-6 \"><div class=\"forminator-field\"><label for=\"forminator-field-textarea-1_69ea1576af19b\" id=\"forminator-field-textarea-1_69ea1576af19b-label\" class=\"forminator-label\">Mensagem<\/label><textarea name=\"textarea-1\" placeholder=\"Escreva sua mensagem\" id=\"forminator-field-textarea-1_69ea1576af19b\" class=\"forminator-textarea\" rows=\"6\" style=\"min-height:140px;\" maxlength=\"500\" ><\/textarea><span id=\"forminator-field-textarea-1_69ea1576af19b-description\" class=\"forminator-description\"><span data-limit=\"500\" data-type=\"characters\" data-editor=\"\">0 \/ 500<\/span><\/span><\/div><\/div><\/div><div class=\"forminator-row\"><div id=\"captcha-1\" class=\"forminator-field-captcha forminator-col forminator-col-12 \"><div class=\"forminator-captcha-left forminator-g-recaptcha recaptcha-invisible\" data-theme=\"light\" data-badge=\"inline\" data-sitekey=\"6Lchy6waAAAAABMM64TQgECmUeO2BSYvq3yyue8Z\" data-size=\"invisible\"><\/div> <\/div><\/div><input type=\"hidden\" name=\"referer_url\" value=\"\" \/><div class=\"forminator-row forminator-row-last\"><div class=\"forminator-col\"><div class=\"forminator-field\"><button class=\"forminator-button forminator-button-submit\">Enviar mensagem<\/button><\/div><\/div><\/div><input type=\"hidden\" id=\"forminator_nonce\" name=\"forminator_nonce\" value=\"c7a54d0d3f\" \/><input type=\"hidden\" name=\"_wp_http_referer\" value=\"\/portal\/wp-json\/wp\/v2\/pages\/261\" \/><input type=\"hidden\" name=\"form_id\" value=\"943\"><input type=\"hidden\" name=\"page_id\" value=\"261\"><input type=\"hidden\" name=\"form_type\" value=\"default\"><input type=\"hidden\" name=\"current_url\" value=\"https:\/\/www.cdiginformatica.com.br\/portal\/\"><input type=\"hidden\" name=\"render_id\" value=\"0\"><input type=\"hidden\" name=\"action\" value=\"forminator_submit_form_custom-forms\"><\/form>\n\n\n","protected":false},"excerpt":{"rendered":"","protected":false},"author":1,"featured_media":1552,"parent":0,"menu_order":0,"comment_status":"closed","ping_status":"closed","template":"elementor_theme","meta":{"pagelayer_contact_templates":[],"_pagelayer_content":"","_monsterinsights_skip_tracking":false,"_monsterinsights_sitenote_active":false,"_monsterinsights_sitenote_note":"","_monsterinsights_sitenote_category":0,"footnotes":""},"class_list":["post-261","page","type-page","status-publish","has-post-thumbnail","hentry"],"yoast_head":"<!-- This site is optimized with the Yoast SEO plugin v27.2 - https:\/\/yoast.com\/product\/yoast-seo-wordpress\/ -->\n<title>Home - C-DIG Solu\u00e7\u00f5es em Tecnologia e Certifica\u00e7\u00e3o Digital<\/title>\n<meta name=\"robots\" content=\"index, follow, max-snippet:-1, max-image-preview:large, max-video-preview:-1\" \/>\n<link rel=\"canonical\" href=\"https:\/\/www.cdiginformatica.com.br\/portal\/\" \/>\n<meta property=\"og:locale\" content=\"pt_BR\" \/>\n<meta property=\"og:type\" content=\"article\" \/>\n<meta property=\"og:title\" content=\"Home - C-DIG Solu\u00e7\u00f5es em Tecnologia e Certifica\u00e7\u00e3o Digital\" \/>\n<meta property=\"og:url\" content=\"https:\/\/www.cdiginformatica.com.br\/portal\/\" \/>\n<meta property=\"og:site_name\" content=\"C-DIG Solu\u00e7\u00f5es em Tecnologia e Certifica\u00e7\u00e3o Digital\" \/>\n<meta property=\"article:publisher\" content=\"https:\/\/www.facebook.com\/cdiginformatica\" \/>\n<meta property=\"article:modified_time\" content=\"2025-11-26T23:38:25+00:00\" \/>\n<meta property=\"og:image\" content=\"https:\/\/www.cdiginformatica.com.br\/portal\/wp-content\/uploads\/2025\/08\/cartoes.png\" \/>\n\t<meta property=\"og:image:width\" content=\"1600\" \/>\n\t<meta property=\"og:image:height\" content=\"1000\" \/>\n\t<meta property=\"og:image:type\" content=\"image\/png\" \/>\n<meta name=\"twitter:label1\" content=\"Est. tempo de leitura\" \/>\n\t<meta name=\"twitter:data1\" content=\"2 minutos\" \/>\n<script type=\"application\/ld+json\" class=\"yoast-schema-graph\">{\"@context\":\"https:\/\/schema.org\",\"@graph\":[{\"@type\":\"WebPage\",\"@id\":\"https:\/\/www.cdiginformatica.com.br\/portal\/\",\"url\":\"https:\/\/www.cdiginformatica.com.br\/portal\/\",\"name\":\"Home - C-DIG Solu\u00e7\u00f5es em Tecnologia e Certifica\u00e7\u00e3o Digital\",\"isPartOf\":{\"@id\":\"https:\/\/www.cdiginformatica.com.br\/portal\/#website\"},\"primaryImageOfPage\":{\"@id\":\"https:\/\/www.cdiginformatica.com.br\/portal\/#primaryimage\"},\"image\":{\"@id\":\"https:\/\/www.cdiginformatica.com.br\/portal\/#primaryimage\"},\"thumbnailUrl\":\"https:\/\/www.cdiginformatica.com.br\/portal\/wp-content\/uploads\/2025\/08\/cartoes.png\",\"datePublished\":\"2021-04-14T00:17:36+00:00\",\"dateModified\":\"2025-11-26T23:38:25+00:00\",\"breadcrumb\":{\"@id\":\"https:\/\/www.cdiginformatica.com.br\/portal\/#breadcrumb\"},\"inLanguage\":\"pt-BR\",\"potentialAction\":[{\"@type\":\"ReadAction\",\"target\":[\"https:\/\/www.cdiginformatica.com.br\/portal\/\"]}]},{\"@type\":\"ImageObject\",\"inLanguage\":\"pt-BR\",\"@id\":\"https:\/\/www.cdiginformatica.com.br\/portal\/#primaryimage\",\"url\":\"https:\/\/www.cdiginformatica.com.br\/portal\/wp-content\/uploads\/2025\/08\/cartoes.png\",\"contentUrl\":\"https:\/\/www.cdiginformatica.com.br\/portal\/wp-content\/uploads\/2025\/08\/cartoes.png\",\"width\":1600,\"height\":1000},{\"@type\":\"BreadcrumbList\",\"@id\":\"https:\/\/www.cdiginformatica.com.br\/portal\/#breadcrumb\",\"itemListElement\":[{\"@type\":\"ListItem\",\"position\":1,\"name\":\"In\u00edcio\",\"item\":\"https:\/\/www.cdiginformatica.com.br\/portal\/\"},{\"@type\":\"ListItem\",\"position\":2,\"name\":\"Home\"}]},{\"@type\":\"WebSite\",\"@id\":\"https:\/\/www.cdiginformatica.com.br\/portal\/#website\",\"url\":\"https:\/\/www.cdiginformatica.com.br\/portal\/\",\"name\":\"CDIG SOLU\u00c7\u00d5ES EM TECNOLOGIA & CERTIFICA\u00c7\u00c3O DIGITAL - N\u00daVEM, AUTOMA\u00c7\u00c3O COMERCIAL E EQUIPAMENTOS\",\"description\":\"Certifica\u00e7\u00e3o Digital, Equipamentos para Automa\u00e7\u00e3o Comercial, Backup em N\u00favem, Firewall Bluepex, Nota Fiscal Eletr\u00f4nica, Servidores e Hardwares em geral\",\"publisher\":{\"@id\":\"https:\/\/www.cdiginformatica.com.br\/portal\/#organization\"},\"potentialAction\":[{\"@type\":\"SearchAction\",\"target\":{\"@type\":\"EntryPoint\",\"urlTemplate\":\"https:\/\/www.cdiginformatica.com.br\/portal\/?s={search_term_string}\"},\"query-input\":{\"@type\":\"PropertyValueSpecification\",\"valueRequired\":true,\"valueName\":\"search_term_string\"}}],\"inLanguage\":\"pt-BR\"},{\"@type\":\"Organization\",\"@id\":\"https:\/\/www.cdiginformatica.com.br\/portal\/#organization\",\"name\":\"C-DIG Solu\u00e7\u00f5es em Tecnologia & Certifica\u00e7\u00e3o Digital\",\"url\":\"https:\/\/www.cdiginformatica.com.br\/portal\/\",\"logo\":{\"@type\":\"ImageObject\",\"inLanguage\":\"pt-BR\",\"@id\":\"https:\/\/www.cdiginformatica.com.br\/portal\/#\/schema\/logo\/image\/\",\"url\":\"https:\/\/www.cdiginformatica.com.br\/portal\/wp-content\/uploads\/2022\/09\/LOGO-CDIG-SOLUCOES-E-CERTIFICACAO-PRETO.png\",\"contentUrl\":\"https:\/\/www.cdiginformatica.com.br\/portal\/wp-content\/uploads\/2022\/09\/LOGO-CDIG-SOLUCOES-E-CERTIFICACAO-PRETO.png\",\"width\":\"3322\",\"height\":\"1417\",\"caption\":\"C-DIG Solu\u00e7\u00f5es em Tecnologia & Certifica\u00e7\u00e3o Digital\"},\"image\":{\"@id\":\"https:\/\/www.cdiginformatica.com.br\/portal\/#\/schema\/logo\/image\/\"},\"sameAs\":[\"https:\/\/www.facebook.com\/cdiginformatica\",\"https:\/\/www.instagram.com\/cdiginformatica\",\"https:\/\/www.linkedin.com\/company\/cdigcertificadodigital\"]}]}<\/script>\n<!-- \/ Yoast SEO plugin. -->","yoast_head_json":{"title":"Home - C-DIG Solu\u00e7\u00f5es em Tecnologia e Certifica\u00e7\u00e3o Digital","robots":{"index":"index","follow":"follow","max-snippet":"max-snippet:-1","max-image-preview":"max-image-preview:large","max-video-preview":"max-video-preview:-1"},"canonical":"https:\/\/www.cdiginformatica.com.br\/portal\/","og_locale":"pt_BR","og_type":"article","og_title":"Home - C-DIG Solu\u00e7\u00f5es em Tecnologia e Certifica\u00e7\u00e3o Digital","og_url":"https:\/\/www.cdiginformatica.com.br\/portal\/","og_site_name":"C-DIG Solu\u00e7\u00f5es em Tecnologia e Certifica\u00e7\u00e3o Digital","article_publisher":"https:\/\/www.facebook.com\/cdiginformatica","article_modified_time":"2025-11-26T23:38:25+00:00","og_image":[{"width":1600,"height":1000,"url":"https:\/\/www.cdiginformatica.com.br\/portal\/wp-content\/uploads\/2025\/08\/cartoes.png","type":"image\/png"}],"twitter_misc":{"Est. tempo de leitura":"2 minutos"},"schema":{"@context":"https:\/\/schema.org","@graph":[{"@type":"WebPage","@id":"https:\/\/www.cdiginformatica.com.br\/portal\/","url":"https:\/\/www.cdiginformatica.com.br\/portal\/","name":"Home - C-DIG Solu\u00e7\u00f5es em Tecnologia e Certifica\u00e7\u00e3o Digital","isPartOf":{"@id":"https:\/\/www.cdiginformatica.com.br\/portal\/#website"},"primaryImageOfPage":{"@id":"https:\/\/www.cdiginformatica.com.br\/portal\/#primaryimage"},"image":{"@id":"https:\/\/www.cdiginformatica.com.br\/portal\/#primaryimage"},"thumbnailUrl":"https:\/\/www.cdiginformatica.com.br\/portal\/wp-content\/uploads\/2025\/08\/cartoes.png","datePublished":"2021-04-14T00:17:36+00:00","dateModified":"2025-11-26T23:38:25+00:00","breadcrumb":{"@id":"https:\/\/www.cdiginformatica.com.br\/portal\/#breadcrumb"},"inLanguage":"pt-BR","potentialAction":[{"@type":"ReadAction","target":["https:\/\/www.cdiginformatica.com.br\/portal\/"]}]},{"@type":"ImageObject","inLanguage":"pt-BR","@id":"https:\/\/www.cdiginformatica.com.br\/portal\/#primaryimage","url":"https:\/\/www.cdiginformatica.com.br\/portal\/wp-content\/uploads\/2025\/08\/cartoes.png","contentUrl":"https:\/\/www.cdiginformatica.com.br\/portal\/wp-content\/uploads\/2025\/08\/cartoes.png","width":1600,"height":1000},{"@type":"BreadcrumbList","@id":"https:\/\/www.cdiginformatica.com.br\/portal\/#breadcrumb","itemListElement":[{"@type":"ListItem","position":1,"name":"In\u00edcio","item":"https:\/\/www.cdiginformatica.com.br\/portal\/"},{"@type":"ListItem","position":2,"name":"Home"}]},{"@type":"WebSite","@id":"https:\/\/www.cdiginformatica.com.br\/portal\/#website","url":"https:\/\/www.cdiginformatica.com.br\/portal\/","name":"CDIG SOLU\u00c7\u00d5ES EM TECNOLOGIA & CERTIFICA\u00c7\u00c3O DIGITAL - N\u00daVEM, AUTOMA\u00c7\u00c3O COMERCIAL E EQUIPAMENTOS","description":"Certifica\u00e7\u00e3o Digital, Equipamentos para Automa\u00e7\u00e3o Comercial, Backup em N\u00favem, Firewall Bluepex, Nota Fiscal Eletr\u00f4nica, Servidores e Hardwares em geral","publisher":{"@id":"https:\/\/www.cdiginformatica.com.br\/portal\/#organization"},"potentialAction":[{"@type":"SearchAction","target":{"@type":"EntryPoint","urlTemplate":"https:\/\/www.cdiginformatica.com.br\/portal\/?s={search_term_string}"},"query-input":{"@type":"PropertyValueSpecification","valueRequired":true,"valueName":"search_term_string"}}],"inLanguage":"pt-BR"},{"@type":"Organization","@id":"https:\/\/www.cdiginformatica.com.br\/portal\/#organization","name":"C-DIG Solu\u00e7\u00f5es em Tecnologia & Certifica\u00e7\u00e3o Digital","url":"https:\/\/www.cdiginformatica.com.br\/portal\/","logo":{"@type":"ImageObject","inLanguage":"pt-BR","@id":"https:\/\/www.cdiginformatica.com.br\/portal\/#\/schema\/logo\/image\/","url":"https:\/\/www.cdiginformatica.com.br\/portal\/wp-content\/uploads\/2022\/09\/LOGO-CDIG-SOLUCOES-E-CERTIFICACAO-PRETO.png","contentUrl":"https:\/\/www.cdiginformatica.com.br\/portal\/wp-content\/uploads\/2022\/09\/LOGO-CDIG-SOLUCOES-E-CERTIFICACAO-PRETO.png","width":"3322","height":"1417","caption":"C-DIG Solu\u00e7\u00f5es em Tecnologia & Certifica\u00e7\u00e3o Digital"},"image":{"@id":"https:\/\/www.cdiginformatica.com.br\/portal\/#\/schema\/logo\/image\/"},"sameAs":["https:\/\/www.facebook.com\/cdiginformatica","https:\/\/www.instagram.com\/cdiginformatica","https:\/\/www.linkedin.com\/company\/cdigcertificadodigital"]}]}},"_links":{"self":[{"href":"https:\/\/www.cdiginformatica.com.br\/portal\/wp-json\/wp\/v2\/pages\/261","targetHints":{"allow":["GET"]}}],"collection":[{"href":"https:\/\/www.cdiginformatica.com.br\/portal\/wp-json\/wp\/v2\/pages"}],"about":[{"href":"https:\/\/www.cdiginformatica.com.br\/portal\/wp-json\/wp\/v2\/types\/page"}],"author":[{"embeddable":true,"href":"https:\/\/www.cdiginformatica.com.br\/portal\/wp-json\/wp\/v2\/users\/1"}],"replies":[{"embeddable":true,"href":"https:\/\/www.cdiginformatica.com.br\/portal\/wp-json\/wp\/v2\/comments?post=261"}],"version-history":[{"count":261,"href":"https:\/\/www.cdiginformatica.com.br\/portal\/wp-json\/wp\/v2\/pages\/261\/revisions"}],"predecessor-version":[{"id":1598,"href":"https:\/\/www.cdiginformatica.com.br\/portal\/wp-json\/wp\/v2\/pages\/261\/revisions\/1598"}],"wp:featuredmedia":[{"embeddable":true,"href":"https:\/\/www.cdiginformatica.com.br\/portal\/wp-json\/wp\/v2\/media\/1552"}],"wp:attachment":[{"href":"https:\/\/www.cdiginformatica.com.br\/portal\/wp-json\/wp\/v2\/media?parent=261"}],"curies":[{"name":"wp","href":"https:\/\/api.w.org\/{rel}","templated":true}]}}