{"id":1577,"date":"2025-08-29T14:29:32","date_gmt":"2025-08-29T17:29:32","guid":{"rendered":"https:\/\/www.cdiginformatica.com.br\/portal\/?page_id=1577"},"modified":"2025-08-30T15:08:22","modified_gmt":"2025-08-30T18:08:22","slug":"equipamentos-lenovo","status":"publish","type":"page","link":"https:\/\/www.cdiginformatica.com.br\/portal\/equipamentos-lenovo\/","title":{"rendered":"Equipamentos Lenovo"},"content":{"rendered":"\n\n\n<h1>Equipamentos <span style=\"color: rgb(255, 255, 255); background-color: rgb(230, 0, 0);\">Lenovo<\/span><\/h1>\nIncentivando a criatividade de profissionais de todos os campos da sua empresa\n\n\n\n\nA <strong>C-DIG<\/strong> \u00e9 revendedora oficial <strong style=\"color: rgb(255, 255, 255); background-color: rgb(230, 0, 0);\">Lenovo<\/strong>, oferecendo equipamentos que unem <strong>inova\u00e7\u00e3o, alto desempenho e confiabilidade<\/strong> para o seu neg\u00f3cio.\n<br\/><br\/>\nSeja para <strong>otimizar<\/strong> o ambiente de T.I. ou <strong>impulsionar a produtividade<\/strong> da sua empresa, contamos com solu\u00e7\u00f5es completas Lenovo que garantem tecnologia de ponta e suporte especializado.\n<br\/><br\/>\nN\u00e3o sua pr\u00f3xima cota\u00e7ao, fale conosco.\n\n\nRacks, torres, servidores Edge, de alta densidade, de miss\u00e3o cr\u00edtica, multi-n\u00f3s, supercomputadores e op\u00e7\u00f5es impulsionam seus neg\u00f3cios com um servidor que atenda \u00e0s suas necessidades.\nNossas solu\u00e7\u00f5es de armazenamento se adaptam aos seus ambientes virtuais em crescimento, cabem no seu or\u00e7amento atual e garantem que os dados estejam prontos quando necess\u00e1rio.\nLinha completa de computadores para <strong>uso pessoal ou profissional<\/strong>.\n\n\nOs notebooks Lenovo oferecem desempenho, durabilidade e inova\u00e7\u00e3o para atender \u00e0s necessidades do seu dia a dia ou do seu neg\u00f3cio, garantindo mobilidade e produtividade com a confian\u00e7a de uma das maiores marcas de tecnologia do mundo.\nOs tablets Lenovo oferecem mobilidade, desempenho e praticidade, ideais para estudos, trabalho ou entretenimento, unindo tecnologia de ponta e excelente custo-benef\u00edcio.\nLinha completa de teclado, mouse, mochilas e muito mais.\n\n\n\n\n\n\n<h2>Solicite um Or\u00e7amento<\/h2>\n\n\nEstamos prontos para atender voc\u00ea! \n<br\/><br\/>Solicite seu or\u00e7amento ou tire suas d\u00favidas conosco.\n\n\n<div class=\"forminator-ui forminator-custom-form forminator-custom-form-943 forminator-design--default  forminator_ajax\" data-forminator-render=\"0\" data-form=\"forminator-module-943\" data-uid=\"69ea2ec63eace\"><br\/><\/div><form\n\t\t\t\tid=\"forminator-module-943\"\n\t\t\t\tclass=\"forminator-ui forminator-custom-form forminator-custom-form-943 forminator-design--default  forminator_ajax\"\n\t\t\t\tmethod=\"post\"\n\t\t\t\tdata-forminator-render=\"0\"\n\t\t\t\tdata-form-id=\"943\"\n\t\t\t\t\n\t\t\t\tdata-design=\"default\"\n\t\t\t\t\n\t\t\t\t\n\t\t\t\t\n\t\t\t\tdata-grid=\"open\"\n\t\t\t\t\n\t\t\t\t\n\t\t\t\tstyle=\"display: none;\"\n\t\t\t\t\n\t\t\t\tdata-uid=\"69ea2ec63eace\"\n\t\t\t><div role=\"alert\" aria-live=\"polite\" class=\"forminator-response-message forminator-error\" aria-hidden=\"true\"><\/div><div class=\"forminator-row\"><div id=\"name-1\" class=\"forminator-field-name forminator-col forminator-col-12 \"><div class=\"forminator-field\"><label for=\"forminator-field-name-1_69ea2ec63eace\" id=\"forminator-field-name-1_69ea2ec63eace-label\" class=\"forminator-label\">Nome Completo <span class=\"forminator-required\">*<\/span><\/label><input type=\"text\" name=\"name-1\" value=\"\" placeholder=\"\" id=\"forminator-field-name-1_69ea2ec63eace\" class=\"forminator-input forminator-name--field\" aria-required=\"true\" \/><\/div><\/div><\/div><div class=\"forminator-row\"><div id=\"phone-1\" class=\"forminator-field-phone forminator-col forminator-col-6 \"><div class=\"forminator-field\"><label for=\"forminator-field-phone-1_69ea2ec63eace\" id=\"forminator-field-phone-1_69ea2ec63eace-label\" class=\"forminator-label\">Telefone<\/label><input type=\"text\" name=\"phone-1\" value=\"\" placeholder=\"\" id=\"forminator-field-phone-1_69ea2ec63eace\" class=\"forminator-input forminator-field--phone\" data-required=\"\" aria-required=\"false\" autocomplete=\"off\" data-national_mode=\"enabled\" data-country=\"br\" data-validation=\"standard\" \/><\/div><\/div><div id=\"email-1\" class=\"forminator-field-email forminator-col forminator-col-6 \"><div class=\"forminator-field\"><label for=\"forminator-field-email-1_69ea2ec63eace\" id=\"forminator-field-email-1_69ea2ec63eace-label\" class=\"forminator-label\">Endere\u00e7o de E-mail <span class=\"forminator-required\">*<\/span><\/label><input type=\"email\" name=\"email-1\" value=\"\" placeholder=\"\" id=\"forminator-field-email-1_69ea2ec63eace\" class=\"forminator-input forminator-email--field\" data-required=\"true\" aria-required=\"true\" \/><\/div><\/div><\/div><div class=\"forminator-row\"><input type=\"hidden\" id=\"hidden-1_69ea2ec63eace\" name=\"hidden-1\" value=\"P\u00e1gina Principal\" \/><div id=\"textarea-1\" class=\"forminator-field-textarea forminator-col forminator-col-6 \"><div class=\"forminator-field\"><label for=\"forminator-field-textarea-1_69ea2ec63eace\" id=\"forminator-field-textarea-1_69ea2ec63eace-label\" class=\"forminator-label\">Mensagem<\/label><textarea name=\"textarea-1\" placeholder=\"Escreva sua mensagem\" id=\"forminator-field-textarea-1_69ea2ec63eace\" class=\"forminator-textarea\" rows=\"6\" style=\"min-height:140px;\" maxlength=\"500\" ><\/textarea><span id=\"forminator-field-textarea-1_69ea2ec63eace-description\" class=\"forminator-description\"><span data-limit=\"500\" data-type=\"characters\" data-editor=\"\">0 \/ 500<\/span><\/span><\/div><\/div><\/div><div class=\"forminator-row\"><div id=\"captcha-1\" class=\"forminator-field-captcha forminator-col forminator-col-12 \"><div class=\"forminator-captcha-left forminator-g-recaptcha recaptcha-invisible\" data-theme=\"light\" data-badge=\"inline\" data-sitekey=\"6Lchy6waAAAAABMM64TQgECmUeO2BSYvq3yyue8Z\" data-size=\"invisible\"><\/div> <\/div><\/div><input type=\"hidden\" name=\"referer_url\" value=\"\" \/><div class=\"forminator-row forminator-row-last\"><div class=\"forminator-col\"><div class=\"forminator-field\"><button class=\"forminator-button forminator-button-submit\">Enviar mensagem<\/button><\/div><\/div><\/div><input type=\"hidden\" id=\"forminator_nonce\" name=\"forminator_nonce\" value=\"c7a54d0d3f\" \/><input type=\"hidden\" name=\"_wp_http_referer\" value=\"\/portal\/wp-json\/wp\/v2\/pages\/1577\" \/><input type=\"hidden\" name=\"form_id\" value=\"943\"><input type=\"hidden\" name=\"page_id\" value=\"1577\"><input type=\"hidden\" name=\"form_type\" value=\"default\"><input type=\"hidden\" name=\"current_url\" value=\"https:\/\/www.cdiginformatica.com.br\/portal\/equipamentos-lenovo\/\"><input type=\"hidden\" name=\"render_id\" value=\"0\"><input type=\"hidden\" name=\"action\" value=\"forminator_submit_form_custom-forms\"><\/form>\n\n\n","protected":false},"excerpt":{"rendered":"","protected":false},"author":1,"featured_media":1440,"parent":0,"menu_order":0,"comment_status":"closed","ping_status":"closed","template":"elementor_theme","meta":{"pagelayer_contact_templates":[],"_pagelayer_content":"","_monsterinsights_skip_tracking":false,"_monsterinsights_sitenote_active":false,"_monsterinsights_sitenote_note":"","_monsterinsights_sitenote_category":0,"footnotes":""},"class_list":["post-1577","page","type-page","status-publish","has-post-thumbnail","hentry"],"yoast_head":"<!-- This site is optimized with the Yoast SEO plugin v27.2 - https:\/\/yoast.com\/product\/yoast-seo-wordpress\/ -->\n<title>Equipamentos Lenovo - C-DIG Solu\u00e7\u00f5es em Tecnologia e Certifica\u00e7\u00e3o Digital<\/title>\n<meta name=\"robots\" content=\"index, follow, max-snippet:-1, max-image-preview:large, max-video-preview:-1\" \/>\n<link rel=\"canonical\" href=\"https:\/\/www.cdiginformatica.com.br\/portal\/equipamentos-lenovo\/\" \/>\n<meta property=\"og:locale\" content=\"pt_BR\" \/>\n<meta property=\"og:type\" content=\"article\" \/>\n<meta property=\"og:title\" content=\"Equipamentos Lenovo - C-DIG Solu\u00e7\u00f5es em Tecnologia e Certifica\u00e7\u00e3o Digital\" \/>\n<meta property=\"og:url\" content=\"https:\/\/www.cdiginformatica.com.br\/portal\/equipamentos-lenovo\/\" \/>\n<meta property=\"og:site_name\" content=\"C-DIG Solu\u00e7\u00f5es em Tecnologia e Certifica\u00e7\u00e3o Digital\" \/>\n<meta property=\"article:publisher\" content=\"https:\/\/www.facebook.com\/cdiginformatica\" \/>\n<meta property=\"article:modified_time\" content=\"2025-08-30T18:08:22+00:00\" \/>\n<meta property=\"og:image\" content=\"https:\/\/www.cdiginformatica.com.br\/portal\/wp-content\/uploads\/2025\/08\/3-1.png\" \/>\n\t<meta property=\"og:image:width\" content=\"500\" \/>\n\t<meta property=\"og:image:height\" content=\"300\" \/>\n\t<meta property=\"og:image:type\" content=\"image\/png\" \/>\n<meta name=\"twitter:label1\" content=\"Est. tempo de leitura\" \/>\n\t<meta name=\"twitter:data1\" content=\"1 minuto\" \/>\n<script type=\"application\/ld+json\" class=\"yoast-schema-graph\">{\"@context\":\"https:\/\/schema.org\",\"@graph\":[{\"@type\":\"WebPage\",\"@id\":\"https:\/\/www.cdiginformatica.com.br\/portal\/equipamentos-lenovo\/\",\"url\":\"https:\/\/www.cdiginformatica.com.br\/portal\/equipamentos-lenovo\/\",\"name\":\"Equipamentos Lenovo - C-DIG Solu\u00e7\u00f5es em Tecnologia e Certifica\u00e7\u00e3o Digital\",\"isPartOf\":{\"@id\":\"https:\/\/www.cdiginformatica.com.br\/portal\/#website\"},\"primaryImageOfPage\":{\"@id\":\"https:\/\/www.cdiginformatica.com.br\/portal\/equipamentos-lenovo\/#primaryimage\"},\"image\":{\"@id\":\"https:\/\/www.cdiginformatica.com.br\/portal\/equipamentos-lenovo\/#primaryimage\"},\"thumbnailUrl\":\"https:\/\/www.cdiginformatica.com.br\/portal\/wp-content\/uploads\/2025\/08\/3-1.png\",\"datePublished\":\"2025-08-29T17:29:32+00:00\",\"dateModified\":\"2025-08-30T18:08:22+00:00\",\"breadcrumb\":{\"@id\":\"https:\/\/www.cdiginformatica.com.br\/portal\/equipamentos-lenovo\/#breadcrumb\"},\"inLanguage\":\"pt-BR\",\"potentialAction\":[{\"@type\":\"ReadAction\",\"target\":[\"https:\/\/www.cdiginformatica.com.br\/portal\/equipamentos-lenovo\/\"]}]},{\"@type\":\"ImageObject\",\"inLanguage\":\"pt-BR\",\"@id\":\"https:\/\/www.cdiginformatica.com.br\/portal\/equipamentos-lenovo\/#primaryimage\",\"url\":\"https:\/\/www.cdiginformatica.com.br\/portal\/wp-content\/uploads\/2025\/08\/3-1.png\",\"contentUrl\":\"https:\/\/www.cdiginformatica.com.br\/portal\/wp-content\/uploads\/2025\/08\/3-1.png\",\"width\":500,\"height\":300,\"caption\":\"Equipamentos Lenovo\"},{\"@type\":\"BreadcrumbList\",\"@id\":\"https:\/\/www.cdiginformatica.com.br\/portal\/equipamentos-lenovo\/#breadcrumb\",\"itemListElement\":[{\"@type\":\"ListItem\",\"position\":1,\"name\":\"In\u00edcio\",\"item\":\"https:\/\/www.cdiginformatica.com.br\/portal\/\"},{\"@type\":\"ListItem\",\"position\":2,\"name\":\"Equipamentos Lenovo\"}]},{\"@type\":\"WebSite\",\"@id\":\"https:\/\/www.cdiginformatica.com.br\/portal\/#website\",\"url\":\"https:\/\/www.cdiginformatica.com.br\/portal\/\",\"name\":\"CDIG SOLU\u00c7\u00d5ES EM TECNOLOGIA & CERTIFICA\u00c7\u00c3O DIGITAL - N\u00daVEM, AUTOMA\u00c7\u00c3O COMERCIAL E EQUIPAMENTOS\",\"description\":\"Certifica\u00e7\u00e3o Digital, Equipamentos para Automa\u00e7\u00e3o Comercial, Backup em N\u00favem, Firewall Bluepex, Nota Fiscal Eletr\u00f4nica, Servidores e Hardwares em geral\",\"publisher\":{\"@id\":\"https:\/\/www.cdiginformatica.com.br\/portal\/#organization\"},\"potentialAction\":[{\"@type\":\"SearchAction\",\"target\":{\"@type\":\"EntryPoint\",\"urlTemplate\":\"https:\/\/www.cdiginformatica.com.br\/portal\/?s={search_term_string}\"},\"query-input\":{\"@type\":\"PropertyValueSpecification\",\"valueRequired\":true,\"valueName\":\"search_term_string\"}}],\"inLanguage\":\"pt-BR\"},{\"@type\":\"Organization\",\"@id\":\"https:\/\/www.cdiginformatica.com.br\/portal\/#organization\",\"name\":\"C-DIG Solu\u00e7\u00f5es em Tecnologia & Certifica\u00e7\u00e3o Digital\",\"url\":\"https:\/\/www.cdiginformatica.com.br\/portal\/\",\"logo\":{\"@type\":\"ImageObject\",\"inLanguage\":\"pt-BR\",\"@id\":\"https:\/\/www.cdiginformatica.com.br\/portal\/#\/schema\/logo\/image\/\",\"url\":\"https:\/\/www.cdiginformatica.com.br\/portal\/wp-content\/uploads\/2022\/09\/LOGO-CDIG-SOLUCOES-E-CERTIFICACAO-PRETO.png\",\"contentUrl\":\"https:\/\/www.cdiginformatica.com.br\/portal\/wp-content\/uploads\/2022\/09\/LOGO-CDIG-SOLUCOES-E-CERTIFICACAO-PRETO.png\",\"width\":\"3322\",\"height\":\"1417\",\"caption\":\"C-DIG Solu\u00e7\u00f5es em Tecnologia & Certifica\u00e7\u00e3o Digital\"},\"image\":{\"@id\":\"https:\/\/www.cdiginformatica.com.br\/portal\/#\/schema\/logo\/image\/\"},\"sameAs\":[\"https:\/\/www.facebook.com\/cdiginformatica\",\"https:\/\/www.instagram.com\/cdiginformatica\",\"https:\/\/www.linkedin.com\/company\/cdigcertificadodigital\"]}]}<\/script>\n<!-- \/ Yoast SEO plugin. -->","yoast_head_json":{"title":"Equipamentos Lenovo - C-DIG Solu\u00e7\u00f5es em Tecnologia e Certifica\u00e7\u00e3o Digital","robots":{"index":"index","follow":"follow","max-snippet":"max-snippet:-1","max-image-preview":"max-image-preview:large","max-video-preview":"max-video-preview:-1"},"canonical":"https:\/\/www.cdiginformatica.com.br\/portal\/equipamentos-lenovo\/","og_locale":"pt_BR","og_type":"article","og_title":"Equipamentos Lenovo - C-DIG Solu\u00e7\u00f5es em Tecnologia e Certifica\u00e7\u00e3o Digital","og_url":"https:\/\/www.cdiginformatica.com.br\/portal\/equipamentos-lenovo\/","og_site_name":"C-DIG Solu\u00e7\u00f5es em Tecnologia e Certifica\u00e7\u00e3o Digital","article_publisher":"https:\/\/www.facebook.com\/cdiginformatica","article_modified_time":"2025-08-30T18:08:22+00:00","og_image":[{"width":500,"height":300,"url":"https:\/\/www.cdiginformatica.com.br\/portal\/wp-content\/uploads\/2025\/08\/3-1.png","type":"image\/png"}],"twitter_misc":{"Est. tempo de leitura":"1 minuto"},"schema":{"@context":"https:\/\/schema.org","@graph":[{"@type":"WebPage","@id":"https:\/\/www.cdiginformatica.com.br\/portal\/equipamentos-lenovo\/","url":"https:\/\/www.cdiginformatica.com.br\/portal\/equipamentos-lenovo\/","name":"Equipamentos Lenovo - C-DIG Solu\u00e7\u00f5es em Tecnologia e Certifica\u00e7\u00e3o Digital","isPartOf":{"@id":"https:\/\/www.cdiginformatica.com.br\/portal\/#website"},"primaryImageOfPage":{"@id":"https:\/\/www.cdiginformatica.com.br\/portal\/equipamentos-lenovo\/#primaryimage"},"image":{"@id":"https:\/\/www.cdiginformatica.com.br\/portal\/equipamentos-lenovo\/#primaryimage"},"thumbnailUrl":"https:\/\/www.cdiginformatica.com.br\/portal\/wp-content\/uploads\/2025\/08\/3-1.png","datePublished":"2025-08-29T17:29:32+00:00","dateModified":"2025-08-30T18:08:22+00:00","breadcrumb":{"@id":"https:\/\/www.cdiginformatica.com.br\/portal\/equipamentos-lenovo\/#breadcrumb"},"inLanguage":"pt-BR","potentialAction":[{"@type":"ReadAction","target":["https:\/\/www.cdiginformatica.com.br\/portal\/equipamentos-lenovo\/"]}]},{"@type":"ImageObject","inLanguage":"pt-BR","@id":"https:\/\/www.cdiginformatica.com.br\/portal\/equipamentos-lenovo\/#primaryimage","url":"https:\/\/www.cdiginformatica.com.br\/portal\/wp-content\/uploads\/2025\/08\/3-1.png","contentUrl":"https:\/\/www.cdiginformatica.com.br\/portal\/wp-content\/uploads\/2025\/08\/3-1.png","width":500,"height":300,"caption":"Equipamentos Lenovo"},{"@type":"BreadcrumbList","@id":"https:\/\/www.cdiginformatica.com.br\/portal\/equipamentos-lenovo\/#breadcrumb","itemListElement":[{"@type":"ListItem","position":1,"name":"In\u00edcio","item":"https:\/\/www.cdiginformatica.com.br\/portal\/"},{"@type":"ListItem","position":2,"name":"Equipamentos Lenovo"}]},{"@type":"WebSite","@id":"https:\/\/www.cdiginformatica.com.br\/portal\/#website","url":"https:\/\/www.cdiginformatica.com.br\/portal\/","name":"CDIG SOLU\u00c7\u00d5ES EM TECNOLOGIA & CERTIFICA\u00c7\u00c3O DIGITAL - N\u00daVEM, AUTOMA\u00c7\u00c3O COMERCIAL E EQUIPAMENTOS","description":"Certifica\u00e7\u00e3o Digital, Equipamentos para Automa\u00e7\u00e3o Comercial, Backup em N\u00favem, Firewall Bluepex, Nota Fiscal Eletr\u00f4nica, Servidores e Hardwares em geral","publisher":{"@id":"https:\/\/www.cdiginformatica.com.br\/portal\/#organization"},"potentialAction":[{"@type":"SearchAction","target":{"@type":"EntryPoint","urlTemplate":"https:\/\/www.cdiginformatica.com.br\/portal\/?s={search_term_string}"},"query-input":{"@type":"PropertyValueSpecification","valueRequired":true,"valueName":"search_term_string"}}],"inLanguage":"pt-BR"},{"@type":"Organization","@id":"https:\/\/www.cdiginformatica.com.br\/portal\/#organization","name":"C-DIG Solu\u00e7\u00f5es em Tecnologia & Certifica\u00e7\u00e3o Digital","url":"https:\/\/www.cdiginformatica.com.br\/portal\/","logo":{"@type":"ImageObject","inLanguage":"pt-BR","@id":"https:\/\/www.cdiginformatica.com.br\/portal\/#\/schema\/logo\/image\/","url":"https:\/\/www.cdiginformatica.com.br\/portal\/wp-content\/uploads\/2022\/09\/LOGO-CDIG-SOLUCOES-E-CERTIFICACAO-PRETO.png","contentUrl":"https:\/\/www.cdiginformatica.com.br\/portal\/wp-content\/uploads\/2022\/09\/LOGO-CDIG-SOLUCOES-E-CERTIFICACAO-PRETO.png","width":"3322","height":"1417","caption":"C-DIG Solu\u00e7\u00f5es em Tecnologia & Certifica\u00e7\u00e3o Digital"},"image":{"@id":"https:\/\/www.cdiginformatica.com.br\/portal\/#\/schema\/logo\/image\/"},"sameAs":["https:\/\/www.facebook.com\/cdiginformatica","https:\/\/www.instagram.com\/cdiginformatica","https:\/\/www.linkedin.com\/company\/cdigcertificadodigital"]}]}},"_links":{"self":[{"href":"https:\/\/www.cdiginformatica.com.br\/portal\/wp-json\/wp\/v2\/pages\/1577","targetHints":{"allow":["GET"]}}],"collection":[{"href":"https:\/\/www.cdiginformatica.com.br\/portal\/wp-json\/wp\/v2\/pages"}],"about":[{"href":"https:\/\/www.cdiginformatica.com.br\/portal\/wp-json\/wp\/v2\/types\/page"}],"author":[{"embeddable":true,"href":"https:\/\/www.cdiginformatica.com.br\/portal\/wp-json\/wp\/v2\/users\/1"}],"replies":[{"embeddable":true,"href":"https:\/\/www.cdiginformatica.com.br\/portal\/wp-json\/wp\/v2\/comments?post=1577"}],"version-history":[{"count":17,"href":"https:\/\/www.cdiginformatica.com.br\/portal\/wp-json\/wp\/v2\/pages\/1577\/revisions"}],"predecessor-version":[{"id":1594,"href":"https:\/\/www.cdiginformatica.com.br\/portal\/wp-json\/wp\/v2\/pages\/1577\/revisions\/1594"}],"wp:featuredmedia":[{"embeddable":true,"href":"https:\/\/www.cdiginformatica.com.br\/portal\/wp-json\/wp\/v2\/media\/1440"}],"wp:attachment":[{"href":"https:\/\/www.cdiginformatica.com.br\/portal\/wp-json\/wp\/v2\/media?parent=1577"}],"curies":[{"name":"wp","href":"https:\/\/api.w.org\/{rel}","templated":true}]}}