{"id":1311,"date":"2025-01-23T15:32:34","date_gmt":"2025-01-23T18:32:34","guid":{"rendered":"https:\/\/www.cdiginformatica.com.br\/portal\/?page_id=1311"},"modified":"2025-01-23T15:32:34","modified_gmt":"2025-01-23T18:32:34","slug":"bluepex-utm","status":"publish","type":"page","link":"https:\/\/www.cdiginformatica.com.br\/portal\/bluepex\/bluepex-utm\/","title":{"rendered":"BluePex UTM"},"content":{"rendered":"\n\n\nRecursos essenciais para\na seguran\u00e7a da sua rede\n\n\n\n\n\n\n\n\n<span><\/span><h3><span style=\"color: rgb(0, 0, 0);\">Certificada com selo EED pelo Minist\u00e9rio da Defesa<\/span><\/h3>\n\n\n\n\n\n<p>CARACTER\u00cdSTICAS DO utm<\/p>\n\n<p>Com a moderniza\u00e7\u00e3o das redes de computadores e com o avan\u00e7o da <strong>LGPD<\/strong> se faz cada vez mais necess\u00e1rio cuidar da seguran\u00e7a de acesso de seus funcion\u00e1rios e arquivos, sendo assim a <strong>C-DIG<\/strong> fornece uma solu\u00e7\u00e3o com base no seu ambiente seja ele pequeno ou grande, Entre em contato com nossa equipe para saber mais sobre nossas solu\u00e7\u00f5es.<\/p><p><strong style=\"color: rgb(54, 96, 146);\"><br><\/strong><\/p><p><strong style=\"font-size: 20px; color: rgb(54, 96, 146);\">Parceria BluePex<\/strong>&nbsp;<\/p><p>UTM ( Unified Threat Management ) ou <strong>Central Unificada de Gerenciamento de Amea\u00e7as<\/strong>, \u00e9 uma solu\u00e7\u00e3o abrangente, criada para o setor de seguran\u00e7a de redes e ganhou notoriedade se tornando a solu\u00e7\u00e3o mais procurada na defesa das organiza\u00e7\u00f5es.&nbsp;<\/p><br><p>O <strong>UTM<\/strong> \u00e9 teoricamente uma evolu\u00e7\u00e3o do firewall tradicional, unindo a execu\u00e7\u00e3o de v\u00e1rias fun\u00e7\u00f5es de seguran\u00e7a em um \u00fanico dispositivo: firewall, preven\u00e7\u00e3o de intrus\u00f5es de rede, antiv\u00edrus, VPN, filtragem de conte\u00fado, balanceamento de carga, gera\u00e7\u00e3o de relat\u00f3rios informativos e gerenciais sobre a rede e muito +<\/p><p><strong><br><\/strong><\/p><p style=\"font-size: 20px;\"><span style=\"color: rgb(54, 96, 146);\"><strong>Diferenciais BluePex<\/strong><\/span><\/p><p>&nbsp; &nbsp;&#8211; Tecnologia desenvolvida no Brasil, com parceiros estrat\u00e9gicos pelo mundo.<\/p><p>&nbsp; &nbsp;&#8211; Solu\u00e7\u00e3o criada para o mercado nacional com recursos exclusivos para a nossa realidade.&nbsp;<\/p><p>&nbsp; &nbsp;&#8211; Administre sua rede em um painel simplificado e em portugu\u00eas.\n<\/p>\n\n\n<p>Proxy \u2022 Monitoramento em tempo real \u2022 Integra\u00e7\u00e3o: LDAP, AD \u2022 Diagn\u00f3stico de acesso \u2022 Regras do webfilter por hor\u00e1rio \u2022 Listas brancas e de bloqueio \u2022 Gerenciamento centralizado \u2022 Libera\u00e7ao autom\u00e1tica de sites.\n<p>IPSEC \/ PPTP \/ OPEN VPN \/ L2TP \u2022 Compacta\u00e7\u00e3o de dados \u2022 Alertas \u2022 Relat\u00f3rios e alertas de conex\u00e3o \u2022 M\u00f3dulo de integra\u00e7\u00e3o de filiais.<\/p>\n<p>Link est\u00e1tico: DHCP \/ 3G \/ PPOE \u2022 IP Alias \u2022 DHCP \u2022 Gr\u00e1fico do tr\u00e1fego em tempo real \u2022 interface bridge \u2022 redund\u00e2ncia e balanceamento da internet \u2022 VLAN 802.11Q<\/p>\n<p>NTOP \u2022 IDS \/ IPS \u2022 ANTIV\u00cdRUS \u2022 SNMP \u2022 DNS \u2022 Roteamento (BGP \/ OSPF \/ RIP) \u2022 Suporte PPOE \u2022 Backup\/Restore autom\u00e1tico \u2022 Console Admin Portugu\u00eas\/Ingl\u00eas\u2022 Interface BYPASS<\/p>\n\n\n\n\n<h2 id='formulario'><\/h2>\n\n\n\n<p>SOLICITE UMA PROPOSTA<\/p>\n\nQualquer d\u00favida sobre as solu\u00e7\u00f5es e recursos&nbsp; BluePex&nbsp; entre em contato conosco. \n\nCriaremos uma <strong>proposta personalizada<\/strong> de acordo com as suas necessidades. N\u00e3o invista mais em equipamentos que logo ficar\u00e3o obsoletos e que podem falhar em qualquer instante.\n<br><br>\nDesenvolvemos solu\u00e7\u00f5es inovadoras, completas, intuitivas e pr\u00e1ticas, n\u00e3o sendo necess\u00e1rio integra\u00e7\u00e3o. Estamos prontos para proteger sua empresa de todas as amea\u00e7as cibern\u00e9ticas.\n<br><br>\nNossos especialistas podem apresentar mais sobre nossas solu\u00e7\u00f5es e indicar qual \u00e9 a mais adequada para sua empresa.\n\n\n<div class=\"forminator-ui forminator-custom-form forminator-custom-form-1290 forminator-design--flat forminator-enclosed forminator_ajax\" data-forminator-render=\"0\" data-form=\"forminator-module-1290\" data-uid=\"69ea463d509a2\"><br\/><\/div><form\n\t\t\t\tid=\"forminator-module-1290\"\n\t\t\t\tclass=\"forminator-ui forminator-custom-form forminator-custom-form-1290 forminator-design--flat forminator-enclosed forminator_ajax\"\n\t\t\t\tmethod=\"post\"\n\t\t\t\tdata-forminator-render=\"0\"\n\t\t\t\tdata-form-id=\"1290\"\n\t\t\t\t\n\t\t\t\tdata-design=\"flat\"\n\t\t\t\t\n\t\t\t\t\n\t\t\t\t\n\t\t\t\tdata-grid=\"enclosed\"\n\t\t\t\t\n\t\t\t\t\n\t\t\t\tstyle=\"display: none;\"\n\t\t\t\t\n\t\t\t\tdata-uid=\"69ea463d509a2\"\n\t\t\t><div role=\"alert\" aria-live=\"polite\" class=\"forminator-response-message forminator-error\" aria-hidden=\"true\"><\/div><div class=\"forminator-row\"><div id=\"name-1\" class=\"forminator-field-name forminator-col forminator-col-12 \"><div class=\"forminator-field\"><label for=\"forminator-field-name-1_69ea463d509a2\" id=\"forminator-field-name-1_69ea463d509a2-label\" class=\"forminator-label\">Nome Completo <span class=\"forminator-required\">*<\/span><\/label><input type=\"text\" name=\"name-1\" value=\"\" placeholder=\"\" id=\"forminator-field-name-1_69ea463d509a2\" class=\"forminator-input forminator-name--field\" aria-required=\"true\" \/><\/div><\/div><\/div><div class=\"forminator-row\"><div id=\"name-2\" class=\"forminator-field-name forminator-col forminator-col-12 \"><div class=\"forminator-field\"><label for=\"forminator-field-name-2_69ea463d509a2\" id=\"forminator-field-name-2_69ea463d509a2-label\" class=\"forminator-label\">Raz\u00e3o Social <span class=\"forminator-required\">*<\/span><\/label><input type=\"text\" name=\"name-2\" value=\"\" placeholder=\"\" id=\"forminator-field-name-2_69ea463d509a2\" class=\"forminator-input forminator-name--field\" aria-required=\"true\" \/><\/div><\/div><\/div><div class=\"forminator-row\"><div id=\"text-1\" class=\"forminator-field-text forminator-col forminator-col-12 \"><div class=\"forminator-field\"><label for=\"forminator-field-text-1_69ea463d509a2\" id=\"forminator-field-text-1_69ea463d509a2-label\" class=\"forminator-label\">CNPJ <span class=\"forminator-required\">*<\/span><\/label><input type=\"text\" name=\"text-1\" value=\"\" placeholder=\"00.000.000\/0000-00\" id=\"forminator-field-text-1_69ea463d509a2\" class=\"forminator-input forminator-name--field\" data-required=\"1\" maxlength=\"18\" \/><span id=\"forminator-field-text-1_69ea463d509a2-description\" class=\"forminator-description\"><span data-limit=\"18\" data-type=\"characters\">0 \/ 18<\/span><\/span><\/div><\/div><\/div><div class=\"forminator-row\"><div id=\"email-1\" class=\"forminator-field-email forminator-col forminator-col-6 \"><div class=\"forminator-field\"><label for=\"forminator-field-email-1_69ea463d509a2\" id=\"forminator-field-email-1_69ea463d509a2-label\" class=\"forminator-label\">E-mail <span class=\"forminator-required\">*<\/span><\/label><input type=\"email\" name=\"email-1\" value=\"\" placeholder=\"\" id=\"forminator-field-email-1_69ea463d509a2\" class=\"forminator-input forminator-email--field\" data-required=\"1\" aria-required=\"true\" \/><\/div><\/div><div id=\"phone-1\" class=\"forminator-field-phone forminator-col forminator-col-6 \"><div class=\"forminator-field\"><label for=\"forminator-field-phone-1_69ea463d509a2\" id=\"forminator-field-phone-1_69ea463d509a2-label\" class=\"forminator-label\">Telefone\/Whatsapp <span class=\"forminator-required\">*<\/span><\/label><input type=\"text\" name=\"phone-1\" value=\"\" placeholder=\"(xx) xxxxxxxxx\" id=\"forminator-field-phone-1_69ea463d509a2\" class=\"forminator-input forminator-field--phone\" data-required=\"1\" aria-required=\"true\" autocomplete=\"off\" data-national_mode=\"enabled\" data-country=\"br\" data-validation=\"standard\" \/><\/div><\/div><\/div><div class=\"forminator-row\"><div id=\"select-1\" class=\"forminator-field-select forminator-col forminator-col-12 \"><div class=\"forminator-field\"><label for=\"forminator-form-1290__field--select-1_69ea463d509a2\" id=\"forminator-form-1290__field--select-1_69ea463d509a2-label\" class=\"forminator-label\">Escolha qual a solu\u00e7\u00e3o BluePex <span class=\"forminator-required\">*<\/span><\/label><select  id=\"forminator-form-1290__field--select-1_69ea463d509a2\" class=\"forminator-select--field forminator-select2 forminator-select2-multiple\" data-required=\"1\" name=\"select-1\" data-default-value=\"\" data-hidden-behavior=\"zero\" data-placeholder=\"Selecione\" data-search=\"false\" data-search-placeholder=\"Selecione\" data-checkbox=\"false\" data-allow-clear=\"false\" aria-labelledby=\"forminator-form-1290__field--select-1_69ea463d509a2-label\"><option value=\"\"  >Selecione<\/option><option value=\"one\"  data-calculation=\"0\">Cloud Backup<\/option><option value=\"two\"  data-calculation=\"0\">BluePex UTM<\/option><\/select><\/div><\/div><\/div><div class=\"forminator-row\"><div id=\"textarea-1\" class=\"forminator-field-textarea forminator-col forminator-col-12 \"><div class=\"forminator-field\"><label for=\"forminator-field-textarea-1_69ea463d509a2\" id=\"forminator-field-textarea-1_69ea463d509a2-label\" class=\"forminator-label\">Descreva suas necessidades<\/label><textarea name=\"textarea-1\" placeholder=\"\" id=\"forminator-field-textarea-1_69ea463d509a2\" class=\"forminator-textarea\" rows=\"6\" style=\"min-height:140px;\" ><\/textarea><\/div><\/div><\/div><div class=\"forminator-row\"><div id=\"consent-1\" class=\"forminator-field-consent forminator-col forminator-col-12  style=&#039;font-size:10px; color:#ffffff&#039;\"><div class=\"forminator-field\"><div class=\"forminator-checkbox__wrapper\"><label id=\"forminator-field-consent-1_69ea463d509a2__label\" class=\"forminator-checkbox forminator-consent\" aria-labelledby=\"forminator-field-consent-1_69ea463d509a2-label\" aria-hidden=\"true\"><input type=\"checkbox\" name=\"consent-1\" id=\"forminator-field-consent-1_69ea463d509a2\" value=\"checked\" aria-labelledby=\"forminator-field-consent-1_69ea463d509a2-label\" aria-describedby=\"forminator-field-consent-1_69ea463d509a2__description\" data-required=\"true\" aria-required=\"true\" \/><span class=\"forminator-checkbox-box\" aria-hidden=\"true\"><\/span><\/label><div id=\"forminator-field-consent-1_69ea463d509a2__description\" class=\"forminator-checkbox__label forminator-consent__label\"><p>Autorizo a utiliza\u00e7\u00e3o dos dados informados neste cadastro, a t\u00edtulo gratuito, pela C-DIG e demais institui\u00e7\u00f5es parceiras, com a finalidade de gerar dados estat\u00edsticos; promover conhecimento, inclus\u00e3o social, amparo legal, bem como para viabilizar a\u00e7\u00f5es e projetos. Igualmente, autorizo a utiliza\u00e7\u00e3o do dos meus dados cadastrais, em especial nome, e-mail e n\u00famero de telefone, para envio de boletins informativos, not\u00edcias, divulga\u00e7\u00e3o de produtos e servi\u00e7os, e outros comunicados. Esta autoriza\u00e7\u00e3o poder\u00e1 ser revogada a qualquer momento, mediante simples requerimento \u00e0 C-DIG por meio do e-mail loja@cdiginformatica.com.br.<\/p><\/div><\/div><\/div><\/div><\/div><div class=\"forminator-row\"><div id=\"captcha-1\" class=\"forminator-field-captcha forminator-col forminator-col-12 \"><div class=\"forminator-captcha-right forminator-g-recaptcha recaptcha-invisible\" data-theme=\"light\" data-badge=\"inline\" data-sitekey=\"6Lchy6waAAAAABMM64TQgECmUeO2BSYvq3yyue8Z\" data-size=\"invisible\"><\/div> <\/div><\/div><input type=\"hidden\" name=\"referer_url\" value=\"\" \/><div class=\"forminator-row forminator-row-last\"><div class=\"forminator-col\"><div class=\"forminator-field\"><button class=\"forminator-button forminator-button-submit\">Enviar mensagem<\/button><\/div><\/div><\/div><input type=\"hidden\" id=\"forminator_nonce\" name=\"forminator_nonce\" value=\"8611c385fd\" \/><input type=\"hidden\" name=\"_wp_http_referer\" value=\"\/portal\/wp-json\/wp\/v2\/pages\/1311\" \/><input type=\"hidden\" name=\"form_id\" value=\"1290\"><input type=\"hidden\" name=\"page_id\" value=\"1311\"><input type=\"hidden\" name=\"form_type\" value=\"default\"><input type=\"hidden\" name=\"current_url\" value=\"https:\/\/www.cdiginformatica.com.br\/portal\/bluepex\/bluepex-utm\/\"><input type=\"hidden\" name=\"render_id\" value=\"0\"><input type=\"hidden\" name=\"action\" value=\"forminator_submit_form_custom-forms\"><\/form>\n\n\n","protected":false},"excerpt":{"rendered":"","protected":false},"author":1,"featured_media":0,"parent":744,"menu_order":0,"comment_status":"closed","ping_status":"closed","template":"elementor_theme","meta":{"pagelayer_contact_templates":[],"_pagelayer_content":"","_monsterinsights_skip_tracking":false,"_monsterinsights_sitenote_active":false,"_monsterinsights_sitenote_note":"","_monsterinsights_sitenote_category":0,"footnotes":""},"class_list":["post-1311","page","type-page","status-publish","hentry"],"yoast_head":"<!-- This site is optimized with the Yoast SEO plugin v27.2 - https:\/\/yoast.com\/product\/yoast-seo-wordpress\/ -->\n<title>BluePex UTM - C-DIG Solu\u00e7\u00f5es em Tecnologia e Certifica\u00e7\u00e3o Digital<\/title>\n<meta name=\"robots\" content=\"index, follow, max-snippet:-1, max-image-preview:large, max-video-preview:-1\" \/>\n<link rel=\"canonical\" href=\"https:\/\/www.cdiginformatica.com.br\/portal\/bluepex\/bluepex-utm\/\" \/>\n<meta property=\"og:locale\" content=\"pt_BR\" \/>\n<meta property=\"og:type\" content=\"article\" \/>\n<meta property=\"og:title\" content=\"BluePex UTM - C-DIG Solu\u00e7\u00f5es em Tecnologia e Certifica\u00e7\u00e3o Digital\" \/>\n<meta property=\"og:url\" content=\"https:\/\/www.cdiginformatica.com.br\/portal\/bluepex\/bluepex-utm\/\" \/>\n<meta property=\"og:site_name\" content=\"C-DIG Solu\u00e7\u00f5es em Tecnologia e Certifica\u00e7\u00e3o Digital\" \/>\n<meta property=\"article:publisher\" content=\"https:\/\/www.facebook.com\/cdiginformatica\" \/>\n<meta property=\"og:image\" content=\"https:\/\/www.cdiginformatica.com.br\/portal\/wp-content\/uploads\/2022\/09\/LOGO-CDIG-SOLUCOES-E-CERTIFICACAO-PRETO.png\" \/>\n\t<meta property=\"og:image:width\" content=\"3322\" \/>\n\t<meta property=\"og:image:height\" content=\"1417\" \/>\n\t<meta property=\"og:image:type\" content=\"image\/png\" \/>\n<meta name=\"twitter:label1\" content=\"Est. tempo de leitura\" \/>\n\t<meta name=\"twitter:data1\" content=\"1 minuto\" \/>\n<script type=\"application\/ld+json\" class=\"yoast-schema-graph\">{\"@context\":\"https:\/\/schema.org\",\"@graph\":[{\"@type\":\"WebPage\",\"@id\":\"https:\/\/www.cdiginformatica.com.br\/portal\/bluepex\/bluepex-utm\/\",\"url\":\"https:\/\/www.cdiginformatica.com.br\/portal\/bluepex\/bluepex-utm\/\",\"name\":\"BluePex UTM - C-DIG Solu\u00e7\u00f5es em Tecnologia e Certifica\u00e7\u00e3o Digital\",\"isPartOf\":{\"@id\":\"https:\/\/www.cdiginformatica.com.br\/portal\/#website\"},\"datePublished\":\"2025-01-23T18:32:34+00:00\",\"breadcrumb\":{\"@id\":\"https:\/\/www.cdiginformatica.com.br\/portal\/bluepex\/bluepex-utm\/#breadcrumb\"},\"inLanguage\":\"pt-BR\",\"potentialAction\":[{\"@type\":\"ReadAction\",\"target\":[\"https:\/\/www.cdiginformatica.com.br\/portal\/bluepex\/bluepex-utm\/\"]}]},{\"@type\":\"BreadcrumbList\",\"@id\":\"https:\/\/www.cdiginformatica.com.br\/portal\/bluepex\/bluepex-utm\/#breadcrumb\",\"itemListElement\":[{\"@type\":\"ListItem\",\"position\":1,\"name\":\"In\u00edcio\",\"item\":\"https:\/\/www.cdiginformatica.com.br\/portal\/\"},{\"@type\":\"ListItem\",\"position\":2,\"name\":\"BluePex\",\"item\":\"https:\/\/www.cdiginformatica.com.br\/portal\/bluepex\/\"},{\"@type\":\"ListItem\",\"position\":3,\"name\":\"BluePex UTM\"}]},{\"@type\":\"WebSite\",\"@id\":\"https:\/\/www.cdiginformatica.com.br\/portal\/#website\",\"url\":\"https:\/\/www.cdiginformatica.com.br\/portal\/\",\"name\":\"CDIG SOLU\u00c7\u00d5ES EM TECNOLOGIA & CERTIFICA\u00c7\u00c3O DIGITAL - N\u00daVEM, AUTOMA\u00c7\u00c3O COMERCIAL E EQUIPAMENTOS\",\"description\":\"Certifica\u00e7\u00e3o Digital, Equipamentos para Automa\u00e7\u00e3o Comercial, Backup em N\u00favem, Firewall Bluepex, Nota Fiscal Eletr\u00f4nica, Servidores e Hardwares em geral\",\"publisher\":{\"@id\":\"https:\/\/www.cdiginformatica.com.br\/portal\/#organization\"},\"potentialAction\":[{\"@type\":\"SearchAction\",\"target\":{\"@type\":\"EntryPoint\",\"urlTemplate\":\"https:\/\/www.cdiginformatica.com.br\/portal\/?s={search_term_string}\"},\"query-input\":{\"@type\":\"PropertyValueSpecification\",\"valueRequired\":true,\"valueName\":\"search_term_string\"}}],\"inLanguage\":\"pt-BR\"},{\"@type\":\"Organization\",\"@id\":\"https:\/\/www.cdiginformatica.com.br\/portal\/#organization\",\"name\":\"C-DIG Solu\u00e7\u00f5es em Tecnologia & Certifica\u00e7\u00e3o Digital\",\"url\":\"https:\/\/www.cdiginformatica.com.br\/portal\/\",\"logo\":{\"@type\":\"ImageObject\",\"inLanguage\":\"pt-BR\",\"@id\":\"https:\/\/www.cdiginformatica.com.br\/portal\/#\/schema\/logo\/image\/\",\"url\":\"https:\/\/www.cdiginformatica.com.br\/portal\/wp-content\/uploads\/2022\/09\/LOGO-CDIG-SOLUCOES-E-CERTIFICACAO-PRETO.png\",\"contentUrl\":\"https:\/\/www.cdiginformatica.com.br\/portal\/wp-content\/uploads\/2022\/09\/LOGO-CDIG-SOLUCOES-E-CERTIFICACAO-PRETO.png\",\"width\":\"3322\",\"height\":\"1417\",\"caption\":\"C-DIG Solu\u00e7\u00f5es em Tecnologia & Certifica\u00e7\u00e3o Digital\"},\"image\":{\"@id\":\"https:\/\/www.cdiginformatica.com.br\/portal\/#\/schema\/logo\/image\/\"},\"sameAs\":[\"https:\/\/www.facebook.com\/cdiginformatica\",\"https:\/\/www.instagram.com\/cdiginformatica\",\"https:\/\/www.linkedin.com\/company\/cdigcertificadodigital\"]}]}<\/script>\n<!-- \/ Yoast SEO plugin. -->","yoast_head_json":{"title":"BluePex UTM - C-DIG Solu\u00e7\u00f5es em Tecnologia e Certifica\u00e7\u00e3o Digital","robots":{"index":"index","follow":"follow","max-snippet":"max-snippet:-1","max-image-preview":"max-image-preview:large","max-video-preview":"max-video-preview:-1"},"canonical":"https:\/\/www.cdiginformatica.com.br\/portal\/bluepex\/bluepex-utm\/","og_locale":"pt_BR","og_type":"article","og_title":"BluePex UTM - C-DIG Solu\u00e7\u00f5es em Tecnologia e Certifica\u00e7\u00e3o Digital","og_url":"https:\/\/www.cdiginformatica.com.br\/portal\/bluepex\/bluepex-utm\/","og_site_name":"C-DIG Solu\u00e7\u00f5es em Tecnologia e Certifica\u00e7\u00e3o Digital","article_publisher":"https:\/\/www.facebook.com\/cdiginformatica","og_image":[{"width":3322,"height":1417,"url":"https:\/\/www.cdiginformatica.com.br\/portal\/wp-content\/uploads\/2022\/09\/LOGO-CDIG-SOLUCOES-E-CERTIFICACAO-PRETO.png","type":"image\/png"}],"twitter_misc":{"Est. tempo de leitura":"1 minuto"},"schema":{"@context":"https:\/\/schema.org","@graph":[{"@type":"WebPage","@id":"https:\/\/www.cdiginformatica.com.br\/portal\/bluepex\/bluepex-utm\/","url":"https:\/\/www.cdiginformatica.com.br\/portal\/bluepex\/bluepex-utm\/","name":"BluePex UTM - C-DIG Solu\u00e7\u00f5es em Tecnologia e Certifica\u00e7\u00e3o Digital","isPartOf":{"@id":"https:\/\/www.cdiginformatica.com.br\/portal\/#website"},"datePublished":"2025-01-23T18:32:34+00:00","breadcrumb":{"@id":"https:\/\/www.cdiginformatica.com.br\/portal\/bluepex\/bluepex-utm\/#breadcrumb"},"inLanguage":"pt-BR","potentialAction":[{"@type":"ReadAction","target":["https:\/\/www.cdiginformatica.com.br\/portal\/bluepex\/bluepex-utm\/"]}]},{"@type":"BreadcrumbList","@id":"https:\/\/www.cdiginformatica.com.br\/portal\/bluepex\/bluepex-utm\/#breadcrumb","itemListElement":[{"@type":"ListItem","position":1,"name":"In\u00edcio","item":"https:\/\/www.cdiginformatica.com.br\/portal\/"},{"@type":"ListItem","position":2,"name":"BluePex","item":"https:\/\/www.cdiginformatica.com.br\/portal\/bluepex\/"},{"@type":"ListItem","position":3,"name":"BluePex UTM"}]},{"@type":"WebSite","@id":"https:\/\/www.cdiginformatica.com.br\/portal\/#website","url":"https:\/\/www.cdiginformatica.com.br\/portal\/","name":"CDIG SOLU\u00c7\u00d5ES EM TECNOLOGIA & CERTIFICA\u00c7\u00c3O DIGITAL - N\u00daVEM, AUTOMA\u00c7\u00c3O COMERCIAL E EQUIPAMENTOS","description":"Certifica\u00e7\u00e3o Digital, Equipamentos para Automa\u00e7\u00e3o Comercial, Backup em N\u00favem, Firewall Bluepex, Nota Fiscal Eletr\u00f4nica, Servidores e Hardwares em geral","publisher":{"@id":"https:\/\/www.cdiginformatica.com.br\/portal\/#organization"},"potentialAction":[{"@type":"SearchAction","target":{"@type":"EntryPoint","urlTemplate":"https:\/\/www.cdiginformatica.com.br\/portal\/?s={search_term_string}"},"query-input":{"@type":"PropertyValueSpecification","valueRequired":true,"valueName":"search_term_string"}}],"inLanguage":"pt-BR"},{"@type":"Organization","@id":"https:\/\/www.cdiginformatica.com.br\/portal\/#organization","name":"C-DIG Solu\u00e7\u00f5es em Tecnologia & Certifica\u00e7\u00e3o Digital","url":"https:\/\/www.cdiginformatica.com.br\/portal\/","logo":{"@type":"ImageObject","inLanguage":"pt-BR","@id":"https:\/\/www.cdiginformatica.com.br\/portal\/#\/schema\/logo\/image\/","url":"https:\/\/www.cdiginformatica.com.br\/portal\/wp-content\/uploads\/2022\/09\/LOGO-CDIG-SOLUCOES-E-CERTIFICACAO-PRETO.png","contentUrl":"https:\/\/www.cdiginformatica.com.br\/portal\/wp-content\/uploads\/2022\/09\/LOGO-CDIG-SOLUCOES-E-CERTIFICACAO-PRETO.png","width":"3322","height":"1417","caption":"C-DIG Solu\u00e7\u00f5es em Tecnologia & Certifica\u00e7\u00e3o Digital"},"image":{"@id":"https:\/\/www.cdiginformatica.com.br\/portal\/#\/schema\/logo\/image\/"},"sameAs":["https:\/\/www.facebook.com\/cdiginformatica","https:\/\/www.instagram.com\/cdiginformatica","https:\/\/www.linkedin.com\/company\/cdigcertificadodigital"]}]}},"_links":{"self":[{"href":"https:\/\/www.cdiginformatica.com.br\/portal\/wp-json\/wp\/v2\/pages\/1311","targetHints":{"allow":["GET"]}}],"collection":[{"href":"https:\/\/www.cdiginformatica.com.br\/portal\/wp-json\/wp\/v2\/pages"}],"about":[{"href":"https:\/\/www.cdiginformatica.com.br\/portal\/wp-json\/wp\/v2\/types\/page"}],"author":[{"embeddable":true,"href":"https:\/\/www.cdiginformatica.com.br\/portal\/wp-json\/wp\/v2\/users\/1"}],"replies":[{"embeddable":true,"href":"https:\/\/www.cdiginformatica.com.br\/portal\/wp-json\/wp\/v2\/comments?post=1311"}],"version-history":[{"count":2,"href":"https:\/\/www.cdiginformatica.com.br\/portal\/wp-json\/wp\/v2\/pages\/1311\/revisions"}],"predecessor-version":[{"id":1331,"href":"https:\/\/www.cdiginformatica.com.br\/portal\/wp-json\/wp\/v2\/pages\/1311\/revisions\/1331"}],"up":[{"embeddable":true,"href":"https:\/\/www.cdiginformatica.com.br\/portal\/wp-json\/wp\/v2\/pages\/744"}],"wp:attachment":[{"href":"https:\/\/www.cdiginformatica.com.br\/portal\/wp-json\/wp\/v2\/media?parent=1311"}],"curies":[{"name":"wp","href":"https:\/\/api.w.org\/{rel}","templated":true}]}}