{"id":1285,"date":"2025-01-22T10:31:54","date_gmt":"2025-01-22T13:31:54","guid":{"rendered":"https:\/\/www.cdiginformatica.com.br\/portal\/?page_id=1285"},"modified":"2025-02-11T16:22:50","modified_gmt":"2025-02-11T19:22:50","slug":"backup-em-nuvem","status":"publish","type":"page","link":"https:\/\/www.cdiginformatica.com.br\/portal\/bluepex\/backup-em-nuvem\/","title":{"rendered":"Backup em Nuvem"},"content":{"rendered":"\r\n\r\n\r\n<p>Qual o valor dos<\/p>\r\n<p>Documentos e Bases de Dados<\/p>\r\n<p><strong>da sua Empresa?<\/strong><\/p>\r\n<p>Fa\u00e7a seu Backup em nuvem sem a necessidade de investir em hardwares caros e desnecess\u00e1rios.<\/p>\r\n\r\n\r\n\r\n\r\n\r\n\r\n<p>BluePex Cloud Backup<\/p>\r\n\r\nA <span style=\"color:#66a3e0;\"><strong>BluePex\u00ae<\/strong><\/span> tem os recursos mais abrangentes de backup local e em nuvem para m\u00e1quinas virtuais, servidores e esta\u00e7\u00f5es de trabalho.\r\n<br><br>\r\nAmbientes de inform\u00e1tica est\u00e3o sujeitos a <strong>vulnerabilidades<\/strong> como erros humanos\r\nou de software, corrup\u00e7\u00e3o de dados, falha de hardware, invas\u00f5es virtuais, furtos\r\ne eventos como enchentes ou inc\u00eandios precisam ser mensuradas antes e a\r\nmelhor forma de evitar que os dados\/arquivos sejam perdidos \u00e9 por meio de um\r\nbom plano de backup.\r\n\r\n\r\nCriptografe backups com chaves de 256 bits. Dados enviados para a\r\nnuvem tamb\u00e9m s\u00e3o criptografados, utilizando os protocolos SSL para proteger enquanto est\u00e1 em\r\ntr\u00e2nsito para nuvem ou servidor local.\r\nFa\u00e7a backup de arquivos modificados ou backup completo e receba uma notifica\u00e7\u00e3o de e-mail personalizada para\r\nacompanhar cada execu\u00e7\u00e3o do seu backup ou restaura\u00e7\u00e3o remotamente.\r\nEstabele\u00e7a pol\u00edticas de reten\u00e7\u00e3o para as vers\u00f5es de\r\nseus dados economizando em armazenamento. Mantenha apenas os pontos de restaura\u00e7\u00e3o que voc\u00ea\r\nrealmente precisa.\r\nBackup <strong>Desktop\/Servidor<\/strong>: (Vers\u00e3o para backup de arquivos, pastas); Backup \u2013 <strong>Microsoft SQL Server<\/strong>: (Vers\u00e3o para backup de banco de dados); Backup \u2013 <strong>M\u00e1quinas Virtuais<\/strong> &#8211; VM\r\n<p id='formulario'>&nbsp;<\/p>\r\n\r\n\r\n\r\n\r\n\r\nSOLICITE UMA PROPOSTA\r\n\r\nQualquer d\u00favida sobre as\r\nsolu\u00e7\u00f5es e recursos do <strong style=\"color: rgb(0, 71, 178);\">BluePex\r\nCloud Backup<\/strong>, entre em contato conosco.&nbsp;\r\n<br><br>Criaremos uma proposta personalizada de acordo com as suas necessidades. N\u00e3o invista mais em equipamentos que logo ficar\u00e3o obsoletos e que podem falhar em qualquer instante.\r\n<br><br>Desenvolvemos solu\u00e7\u00f5es inovadoras, completas, intuitivas e pr\u00e1ticas, n\u00e3o sendo necess\u00e1rio integra\u00e7\u00e3o. Estamos prontos para proteger sua empresa de todas as amea\u00e7as cibern\u00e9ticas.\r\n<br><br>Nossos especialistas podem apresentar mais sobre nossas solu\u00e7\u00f5es e indicar qual \u00e9 a mais <strong>adequada<\/strong> para sua empresa.\r\n\r\n\r\n<p>PREENCHA O FORMUL\u00c1RIO<\/p>\r\n<div class=\"forminator-ui forminator-custom-form forminator-custom-form-1290 forminator-design--flat forminator-enclosed forminator_ajax\" data-forminator-render=\"0\" data-form=\"forminator-module-1290\" data-uid=\"69ea2eb3c0785\"><br\/><\/div><form\n\t\t\t\tid=\"forminator-module-1290\"\n\t\t\t\tclass=\"forminator-ui forminator-custom-form forminator-custom-form-1290 forminator-design--flat forminator-enclosed forminator_ajax\"\n\t\t\t\tmethod=\"post\"\n\t\t\t\tdata-forminator-render=\"0\"\n\t\t\t\tdata-form-id=\"1290\"\n\t\t\t\t\n\t\t\t\tdata-design=\"flat\"\n\t\t\t\t\n\t\t\t\t\n\t\t\t\t\n\t\t\t\tdata-grid=\"enclosed\"\n\t\t\t\t\n\t\t\t\t\n\t\t\t\tstyle=\"display: none;\"\n\t\t\t\t\n\t\t\t\tdata-uid=\"69ea2eb3c0785\"\n\t\t\t><div role=\"alert\" aria-live=\"polite\" class=\"forminator-response-message forminator-error\" aria-hidden=\"true\"><\/div><div class=\"forminator-row\"><div id=\"name-1\" class=\"forminator-field-name forminator-col forminator-col-12 \"><div class=\"forminator-field\"><label for=\"forminator-field-name-1_69ea2eb3c0785\" id=\"forminator-field-name-1_69ea2eb3c0785-label\" class=\"forminator-label\">Nome Completo <span class=\"forminator-required\">*<\/span><\/label><input type=\"text\" name=\"name-1\" value=\"\" placeholder=\"\" id=\"forminator-field-name-1_69ea2eb3c0785\" class=\"forminator-input forminator-name--field\" aria-required=\"true\" \/><\/div><\/div><\/div><div class=\"forminator-row\"><div id=\"name-2\" class=\"forminator-field-name forminator-col forminator-col-12 \"><div class=\"forminator-field\"><label for=\"forminator-field-name-2_69ea2eb3c0785\" id=\"forminator-field-name-2_69ea2eb3c0785-label\" class=\"forminator-label\">Raz\u00e3o Social <span class=\"forminator-required\">*<\/span><\/label><input type=\"text\" name=\"name-2\" value=\"\" placeholder=\"\" id=\"forminator-field-name-2_69ea2eb3c0785\" class=\"forminator-input forminator-name--field\" aria-required=\"true\" \/><\/div><\/div><\/div><div class=\"forminator-row\"><div id=\"text-1\" class=\"forminator-field-text forminator-col forminator-col-12 \"><div class=\"forminator-field\"><label for=\"forminator-field-text-1_69ea2eb3c0785\" id=\"forminator-field-text-1_69ea2eb3c0785-label\" class=\"forminator-label\">CNPJ <span class=\"forminator-required\">*<\/span><\/label><input type=\"text\" name=\"text-1\" value=\"\" placeholder=\"00.000.000\/0000-00\" id=\"forminator-field-text-1_69ea2eb3c0785\" class=\"forminator-input forminator-name--field\" data-required=\"1\" maxlength=\"18\" \/><span id=\"forminator-field-text-1_69ea2eb3c0785-description\" class=\"forminator-description\"><span data-limit=\"18\" data-type=\"characters\">0 \/ 18<\/span><\/span><\/div><\/div><\/div><div class=\"forminator-row\"><div id=\"email-1\" class=\"forminator-field-email forminator-col forminator-col-6 \"><div class=\"forminator-field\"><label for=\"forminator-field-email-1_69ea2eb3c0785\" id=\"forminator-field-email-1_69ea2eb3c0785-label\" class=\"forminator-label\">E-mail <span class=\"forminator-required\">*<\/span><\/label><input type=\"email\" name=\"email-1\" value=\"\" placeholder=\"\" id=\"forminator-field-email-1_69ea2eb3c0785\" class=\"forminator-input forminator-email--field\" data-required=\"1\" aria-required=\"true\" \/><\/div><\/div><div id=\"phone-1\" class=\"forminator-field-phone forminator-col forminator-col-6 \"><div class=\"forminator-field\"><label for=\"forminator-field-phone-1_69ea2eb3c0785\" id=\"forminator-field-phone-1_69ea2eb3c0785-label\" class=\"forminator-label\">Telefone\/Whatsapp <span class=\"forminator-required\">*<\/span><\/label><input type=\"text\" name=\"phone-1\" value=\"\" placeholder=\"(xx) xxxxxxxxx\" id=\"forminator-field-phone-1_69ea2eb3c0785\" class=\"forminator-input forminator-field--phone\" data-required=\"1\" aria-required=\"true\" autocomplete=\"off\" data-national_mode=\"enabled\" data-country=\"br\" data-validation=\"standard\" \/><\/div><\/div><\/div><div class=\"forminator-row\"><div id=\"select-1\" class=\"forminator-field-select forminator-col forminator-col-12 \"><div class=\"forminator-field\"><label for=\"forminator-form-1290__field--select-1_69ea2eb3c0785\" id=\"forminator-form-1290__field--select-1_69ea2eb3c0785-label\" class=\"forminator-label\">Escolha qual a solu\u00e7\u00e3o BluePex <span class=\"forminator-required\">*<\/span><\/label><select  id=\"forminator-form-1290__field--select-1_69ea2eb3c0785\" class=\"forminator-select--field forminator-select2 forminator-select2-multiple\" data-required=\"1\" name=\"select-1\" data-default-value=\"\" data-hidden-behavior=\"zero\" data-placeholder=\"Selecione\" data-search=\"false\" data-search-placeholder=\"Selecione\" data-checkbox=\"false\" data-allow-clear=\"false\" aria-labelledby=\"forminator-form-1290__field--select-1_69ea2eb3c0785-label\"><option value=\"\"  >Selecione<\/option><option value=\"one\"  data-calculation=\"0\">Cloud Backup<\/option><option value=\"two\"  data-calculation=\"0\">BluePex UTM<\/option><\/select><\/div><\/div><\/div><div class=\"forminator-row\"><div id=\"textarea-1\" class=\"forminator-field-textarea forminator-col forminator-col-12 \"><div class=\"forminator-field\"><label for=\"forminator-field-textarea-1_69ea2eb3c0785\" id=\"forminator-field-textarea-1_69ea2eb3c0785-label\" class=\"forminator-label\">Descreva suas necessidades<\/label><textarea name=\"textarea-1\" placeholder=\"\" id=\"forminator-field-textarea-1_69ea2eb3c0785\" class=\"forminator-textarea\" rows=\"6\" style=\"min-height:140px;\" ><\/textarea><\/div><\/div><\/div><div class=\"forminator-row\"><div id=\"consent-1\" class=\"forminator-field-consent forminator-col forminator-col-12  style=&#039;font-size:10px; color:#ffffff&#039;\"><div class=\"forminator-field\"><div class=\"forminator-checkbox__wrapper\"><label id=\"forminator-field-consent-1_69ea2eb3c0785__label\" class=\"forminator-checkbox forminator-consent\" aria-labelledby=\"forminator-field-consent-1_69ea2eb3c0785-label\" aria-hidden=\"true\"><input type=\"checkbox\" name=\"consent-1\" id=\"forminator-field-consent-1_69ea2eb3c0785\" value=\"checked\" aria-labelledby=\"forminator-field-consent-1_69ea2eb3c0785-label\" aria-describedby=\"forminator-field-consent-1_69ea2eb3c0785__description\" data-required=\"true\" aria-required=\"true\" \/><span class=\"forminator-checkbox-box\" aria-hidden=\"true\"><\/span><\/label><div id=\"forminator-field-consent-1_69ea2eb3c0785__description\" class=\"forminator-checkbox__label forminator-consent__label\"><p>Autorizo a utiliza\u00e7\u00e3o dos dados informados neste cadastro, a t\u00edtulo gratuito, pela C-DIG e demais institui\u00e7\u00f5es parceiras, com a finalidade de gerar dados estat\u00edsticos; promover conhecimento, inclus\u00e3o social, amparo legal, bem como para viabilizar a\u00e7\u00f5es e projetos. Igualmente, autorizo a utiliza\u00e7\u00e3o do dos meus dados cadastrais, em especial nome, e-mail e n\u00famero de telefone, para envio de boletins informativos, not\u00edcias, divulga\u00e7\u00e3o de produtos e servi\u00e7os, e outros comunicados. Esta autoriza\u00e7\u00e3o poder\u00e1 ser revogada a qualquer momento, mediante simples requerimento \u00e0 C-DIG por meio do e-mail loja@cdiginformatica.com.br.<\/p><\/div><\/div><\/div><\/div><\/div><div class=\"forminator-row\"><div id=\"captcha-1\" class=\"forminator-field-captcha forminator-col forminator-col-12 \"><div class=\"forminator-captcha-right forminator-g-recaptcha recaptcha-invisible\" data-theme=\"light\" data-badge=\"inline\" data-sitekey=\"6Lchy6waAAAAABMM64TQgECmUeO2BSYvq3yyue8Z\" data-size=\"invisible\"><\/div> <\/div><\/div><input type=\"hidden\" name=\"referer_url\" value=\"\" \/><div class=\"forminator-row forminator-row-last\"><div class=\"forminator-col\"><div class=\"forminator-field\"><button class=\"forminator-button forminator-button-submit\">Enviar mensagem<\/button><\/div><\/div><\/div><input type=\"hidden\" id=\"forminator_nonce\" name=\"forminator_nonce\" value=\"8611c385fd\" \/><input type=\"hidden\" name=\"_wp_http_referer\" value=\"\/portal\/wp-json\/wp\/v2\/pages\/1285\" \/><input type=\"hidden\" name=\"form_id\" value=\"1290\"><input type=\"hidden\" name=\"page_id\" value=\"1285\"><input type=\"hidden\" name=\"form_type\" value=\"default\"><input type=\"hidden\" name=\"current_url\" value=\"https:\/\/www.cdiginformatica.com.br\/portal\/bluepex\/backup-em-nuvem\/\"><input type=\"hidden\" name=\"render_id\" value=\"0\"><input type=\"hidden\" name=\"action\" value=\"forminator_submit_form_custom-forms\"><\/form>\r\n\r\n\r\n","protected":false},"excerpt":{"rendered":"","protected":false},"author":1,"featured_media":1358,"parent":744,"menu_order":0,"comment_status":"closed","ping_status":"closed","template":"elementor_theme","meta":{"pagelayer_contact_templates":[],"_pagelayer_content":"","_monsterinsights_skip_tracking":false,"_monsterinsights_sitenote_active":false,"_monsterinsights_sitenote_note":"","_monsterinsights_sitenote_category":0,"footnotes":""},"class_list":["post-1285","page","type-page","status-publish","has-post-thumbnail","hentry"],"yoast_head":"<!-- This site is optimized with the Yoast SEO plugin v27.2 - https:\/\/yoast.com\/product\/yoast-seo-wordpress\/ -->\n<title>Backup em nuvem<\/title>\n<meta name=\"description\" content=\"Backup em nuvem C-DIG. F\u00e1cil, r\u00e1pido e confi\u00e1vel.\" \/>\n<meta name=\"robots\" content=\"index, follow, max-snippet:-1, max-image-preview:large, max-video-preview:-1\" \/>\n<link rel=\"canonical\" href=\"https:\/\/www.cdiginformatica.com.br\/portal\/bluepex\/backup-em-nuvem\/\" \/>\n<meta property=\"og:locale\" content=\"pt_BR\" \/>\n<meta property=\"og:type\" content=\"article\" \/>\n<meta property=\"og:title\" content=\"Backup em nuvem\" \/>\n<meta property=\"og:description\" content=\"Backup em nuvem C-DIG. F\u00e1cil, r\u00e1pido e confi\u00e1vel.\" \/>\n<meta property=\"og:url\" content=\"https:\/\/www.cdiginformatica.com.br\/portal\/bluepex\/backup-em-nuvem\/\" \/>\n<meta property=\"og:site_name\" content=\"C-DIG Solu\u00e7\u00f5es em Tecnologia e Certifica\u00e7\u00e3o Digital\" \/>\n<meta property=\"article:publisher\" content=\"https:\/\/www.facebook.com\/cdiginformatica\" \/>\n<meta property=\"article:modified_time\" content=\"2025-02-11T19:22:50+00:00\" \/>\n<meta property=\"og:image\" content=\"https:\/\/www.cdiginformatica.com.br\/portal\/wp-content\/uploads\/2024\/12\/cartoes.png\" \/>\n\t<meta property=\"og:image:width\" content=\"1600\" \/>\n\t<meta property=\"og:image:height\" content=\"1000\" \/>\n\t<meta property=\"og:image:type\" content=\"image\/png\" \/>\n<meta name=\"twitter:label1\" content=\"Est. tempo de leitura\" \/>\n\t<meta name=\"twitter:data1\" content=\"1 minuto\" \/>\n<script type=\"application\/ld+json\" class=\"yoast-schema-graph\">{\"@context\":\"https:\/\/schema.org\",\"@graph\":[{\"@type\":\"WebPage\",\"@id\":\"https:\/\/www.cdiginformatica.com.br\/portal\/bluepex\/backup-em-nuvem\/\",\"url\":\"https:\/\/www.cdiginformatica.com.br\/portal\/bluepex\/backup-em-nuvem\/\",\"name\":\"Backup em nuvem\",\"isPartOf\":{\"@id\":\"https:\/\/www.cdiginformatica.com.br\/portal\/#website\"},\"primaryImageOfPage\":{\"@id\":\"https:\/\/www.cdiginformatica.com.br\/portal\/bluepex\/backup-em-nuvem\/#primaryimage\"},\"image\":{\"@id\":\"https:\/\/www.cdiginformatica.com.br\/portal\/bluepex\/backup-em-nuvem\/#primaryimage\"},\"thumbnailUrl\":\"https:\/\/www.cdiginformatica.com.br\/portal\/wp-content\/uploads\/2025\/02\/BANNER-BACKUP-NUVEM.png\",\"datePublished\":\"2025-01-22T13:31:54+00:00\",\"dateModified\":\"2025-02-11T19:22:50+00:00\",\"description\":\"Backup em nuvem C-DIG. F\u00e1cil, r\u00e1pido e confi\u00e1vel.\",\"breadcrumb\":{\"@id\":\"https:\/\/www.cdiginformatica.com.br\/portal\/bluepex\/backup-em-nuvem\/#breadcrumb\"},\"inLanguage\":\"pt-BR\",\"potentialAction\":[{\"@type\":\"ReadAction\",\"target\":[\"https:\/\/www.cdiginformatica.com.br\/portal\/bluepex\/backup-em-nuvem\/\"]}]},{\"@type\":\"ImageObject\",\"inLanguage\":\"pt-BR\",\"@id\":\"https:\/\/www.cdiginformatica.com.br\/portal\/bluepex\/backup-em-nuvem\/#primaryimage\",\"url\":\"https:\/\/www.cdiginformatica.com.br\/portal\/wp-content\/uploads\/2025\/02\/BANNER-BACKUP-NUVEM.png\",\"contentUrl\":\"https:\/\/www.cdiginformatica.com.br\/portal\/wp-content\/uploads\/2025\/02\/BANNER-BACKUP-NUVEM.png\",\"width\":940,\"height\":788},{\"@type\":\"BreadcrumbList\",\"@id\":\"https:\/\/www.cdiginformatica.com.br\/portal\/bluepex\/backup-em-nuvem\/#breadcrumb\",\"itemListElement\":[{\"@type\":\"ListItem\",\"position\":1,\"name\":\"In\u00edcio\",\"item\":\"https:\/\/www.cdiginformatica.com.br\/portal\/\"},{\"@type\":\"ListItem\",\"position\":2,\"name\":\"BluePex\",\"item\":\"https:\/\/www.cdiginformatica.com.br\/portal\/bluepex\/\"},{\"@type\":\"ListItem\",\"position\":3,\"name\":\"Backup em Nuvem\"}]},{\"@type\":\"WebSite\",\"@id\":\"https:\/\/www.cdiginformatica.com.br\/portal\/#website\",\"url\":\"https:\/\/www.cdiginformatica.com.br\/portal\/\",\"name\":\"CDIG SOLU\u00c7\u00d5ES EM TECNOLOGIA & CERTIFICA\u00c7\u00c3O DIGITAL - N\u00daVEM, AUTOMA\u00c7\u00c3O COMERCIAL E EQUIPAMENTOS\",\"description\":\"Certifica\u00e7\u00e3o Digital, Equipamentos para Automa\u00e7\u00e3o Comercial, Backup em N\u00favem, Firewall Bluepex, Nota Fiscal Eletr\u00f4nica, Servidores e Hardwares em geral\",\"publisher\":{\"@id\":\"https:\/\/www.cdiginformatica.com.br\/portal\/#organization\"},\"potentialAction\":[{\"@type\":\"SearchAction\",\"target\":{\"@type\":\"EntryPoint\",\"urlTemplate\":\"https:\/\/www.cdiginformatica.com.br\/portal\/?s={search_term_string}\"},\"query-input\":{\"@type\":\"PropertyValueSpecification\",\"valueRequired\":true,\"valueName\":\"search_term_string\"}}],\"inLanguage\":\"pt-BR\"},{\"@type\":\"Organization\",\"@id\":\"https:\/\/www.cdiginformatica.com.br\/portal\/#organization\",\"name\":\"C-DIG Solu\u00e7\u00f5es em Tecnologia & Certifica\u00e7\u00e3o Digital\",\"url\":\"https:\/\/www.cdiginformatica.com.br\/portal\/\",\"logo\":{\"@type\":\"ImageObject\",\"inLanguage\":\"pt-BR\",\"@id\":\"https:\/\/www.cdiginformatica.com.br\/portal\/#\/schema\/logo\/image\/\",\"url\":\"https:\/\/www.cdiginformatica.com.br\/portal\/wp-content\/uploads\/2022\/09\/LOGO-CDIG-SOLUCOES-E-CERTIFICACAO-PRETO.png\",\"contentUrl\":\"https:\/\/www.cdiginformatica.com.br\/portal\/wp-content\/uploads\/2022\/09\/LOGO-CDIG-SOLUCOES-E-CERTIFICACAO-PRETO.png\",\"width\":\"3322\",\"height\":\"1417\",\"caption\":\"C-DIG Solu\u00e7\u00f5es em Tecnologia & Certifica\u00e7\u00e3o Digital\"},\"image\":{\"@id\":\"https:\/\/www.cdiginformatica.com.br\/portal\/#\/schema\/logo\/image\/\"},\"sameAs\":[\"https:\/\/www.facebook.com\/cdiginformatica\",\"https:\/\/www.instagram.com\/cdiginformatica\",\"https:\/\/www.linkedin.com\/company\/cdigcertificadodigital\"]}]}<\/script>\n<!-- \/ Yoast SEO plugin. -->","yoast_head_json":{"title":"Backup em nuvem","description":"Backup em nuvem C-DIG. F\u00e1cil, r\u00e1pido e confi\u00e1vel.","robots":{"index":"index","follow":"follow","max-snippet":"max-snippet:-1","max-image-preview":"max-image-preview:large","max-video-preview":"max-video-preview:-1"},"canonical":"https:\/\/www.cdiginformatica.com.br\/portal\/bluepex\/backup-em-nuvem\/","og_locale":"pt_BR","og_type":"article","og_title":"Backup em nuvem","og_description":"Backup em nuvem C-DIG. F\u00e1cil, r\u00e1pido e confi\u00e1vel.","og_url":"https:\/\/www.cdiginformatica.com.br\/portal\/bluepex\/backup-em-nuvem\/","og_site_name":"C-DIG Solu\u00e7\u00f5es em Tecnologia e Certifica\u00e7\u00e3o Digital","article_publisher":"https:\/\/www.facebook.com\/cdiginformatica","article_modified_time":"2025-02-11T19:22:50+00:00","og_image":[{"width":1600,"height":1000,"url":"https:\/\/www.cdiginformatica.com.br\/portal\/wp-content\/uploads\/2024\/12\/cartoes.png","type":"image\/png"}],"twitter_misc":{"Est. tempo de leitura":"1 minuto"},"schema":{"@context":"https:\/\/schema.org","@graph":[{"@type":"WebPage","@id":"https:\/\/www.cdiginformatica.com.br\/portal\/bluepex\/backup-em-nuvem\/","url":"https:\/\/www.cdiginformatica.com.br\/portal\/bluepex\/backup-em-nuvem\/","name":"Backup em nuvem","isPartOf":{"@id":"https:\/\/www.cdiginformatica.com.br\/portal\/#website"},"primaryImageOfPage":{"@id":"https:\/\/www.cdiginformatica.com.br\/portal\/bluepex\/backup-em-nuvem\/#primaryimage"},"image":{"@id":"https:\/\/www.cdiginformatica.com.br\/portal\/bluepex\/backup-em-nuvem\/#primaryimage"},"thumbnailUrl":"https:\/\/www.cdiginformatica.com.br\/portal\/wp-content\/uploads\/2025\/02\/BANNER-BACKUP-NUVEM.png","datePublished":"2025-01-22T13:31:54+00:00","dateModified":"2025-02-11T19:22:50+00:00","description":"Backup em nuvem C-DIG. F\u00e1cil, r\u00e1pido e confi\u00e1vel.","breadcrumb":{"@id":"https:\/\/www.cdiginformatica.com.br\/portal\/bluepex\/backup-em-nuvem\/#breadcrumb"},"inLanguage":"pt-BR","potentialAction":[{"@type":"ReadAction","target":["https:\/\/www.cdiginformatica.com.br\/portal\/bluepex\/backup-em-nuvem\/"]}]},{"@type":"ImageObject","inLanguage":"pt-BR","@id":"https:\/\/www.cdiginformatica.com.br\/portal\/bluepex\/backup-em-nuvem\/#primaryimage","url":"https:\/\/www.cdiginformatica.com.br\/portal\/wp-content\/uploads\/2025\/02\/BANNER-BACKUP-NUVEM.png","contentUrl":"https:\/\/www.cdiginformatica.com.br\/portal\/wp-content\/uploads\/2025\/02\/BANNER-BACKUP-NUVEM.png","width":940,"height":788},{"@type":"BreadcrumbList","@id":"https:\/\/www.cdiginformatica.com.br\/portal\/bluepex\/backup-em-nuvem\/#breadcrumb","itemListElement":[{"@type":"ListItem","position":1,"name":"In\u00edcio","item":"https:\/\/www.cdiginformatica.com.br\/portal\/"},{"@type":"ListItem","position":2,"name":"BluePex","item":"https:\/\/www.cdiginformatica.com.br\/portal\/bluepex\/"},{"@type":"ListItem","position":3,"name":"Backup em Nuvem"}]},{"@type":"WebSite","@id":"https:\/\/www.cdiginformatica.com.br\/portal\/#website","url":"https:\/\/www.cdiginformatica.com.br\/portal\/","name":"CDIG SOLU\u00c7\u00d5ES EM TECNOLOGIA & CERTIFICA\u00c7\u00c3O DIGITAL - N\u00daVEM, AUTOMA\u00c7\u00c3O COMERCIAL E EQUIPAMENTOS","description":"Certifica\u00e7\u00e3o Digital, Equipamentos para Automa\u00e7\u00e3o Comercial, Backup em N\u00favem, Firewall Bluepex, Nota Fiscal Eletr\u00f4nica, Servidores e Hardwares em geral","publisher":{"@id":"https:\/\/www.cdiginformatica.com.br\/portal\/#organization"},"potentialAction":[{"@type":"SearchAction","target":{"@type":"EntryPoint","urlTemplate":"https:\/\/www.cdiginformatica.com.br\/portal\/?s={search_term_string}"},"query-input":{"@type":"PropertyValueSpecification","valueRequired":true,"valueName":"search_term_string"}}],"inLanguage":"pt-BR"},{"@type":"Organization","@id":"https:\/\/www.cdiginformatica.com.br\/portal\/#organization","name":"C-DIG Solu\u00e7\u00f5es em Tecnologia & Certifica\u00e7\u00e3o Digital","url":"https:\/\/www.cdiginformatica.com.br\/portal\/","logo":{"@type":"ImageObject","inLanguage":"pt-BR","@id":"https:\/\/www.cdiginformatica.com.br\/portal\/#\/schema\/logo\/image\/","url":"https:\/\/www.cdiginformatica.com.br\/portal\/wp-content\/uploads\/2022\/09\/LOGO-CDIG-SOLUCOES-E-CERTIFICACAO-PRETO.png","contentUrl":"https:\/\/www.cdiginformatica.com.br\/portal\/wp-content\/uploads\/2022\/09\/LOGO-CDIG-SOLUCOES-E-CERTIFICACAO-PRETO.png","width":"3322","height":"1417","caption":"C-DIG Solu\u00e7\u00f5es em Tecnologia & Certifica\u00e7\u00e3o Digital"},"image":{"@id":"https:\/\/www.cdiginformatica.com.br\/portal\/#\/schema\/logo\/image\/"},"sameAs":["https:\/\/www.facebook.com\/cdiginformatica","https:\/\/www.instagram.com\/cdiginformatica","https:\/\/www.linkedin.com\/company\/cdigcertificadodigital"]}]}},"_links":{"self":[{"href":"https:\/\/www.cdiginformatica.com.br\/portal\/wp-json\/wp\/v2\/pages\/1285","targetHints":{"allow":["GET"]}}],"collection":[{"href":"https:\/\/www.cdiginformatica.com.br\/portal\/wp-json\/wp\/v2\/pages"}],"about":[{"href":"https:\/\/www.cdiginformatica.com.br\/portal\/wp-json\/wp\/v2\/types\/page"}],"author":[{"embeddable":true,"href":"https:\/\/www.cdiginformatica.com.br\/portal\/wp-json\/wp\/v2\/users\/1"}],"replies":[{"embeddable":true,"href":"https:\/\/www.cdiginformatica.com.br\/portal\/wp-json\/wp\/v2\/comments?post=1285"}],"version-history":[{"count":20,"href":"https:\/\/www.cdiginformatica.com.br\/portal\/wp-json\/wp\/v2\/pages\/1285\/revisions"}],"predecessor-version":[{"id":1310,"href":"https:\/\/www.cdiginformatica.com.br\/portal\/wp-json\/wp\/v2\/pages\/1285\/revisions\/1310"}],"up":[{"embeddable":true,"href":"https:\/\/www.cdiginformatica.com.br\/portal\/wp-json\/wp\/v2\/pages\/744"}],"wp:featuredmedia":[{"embeddable":true,"href":"https:\/\/www.cdiginformatica.com.br\/portal\/wp-json\/wp\/v2\/media\/1358"}],"wp:attachment":[{"href":"https:\/\/www.cdiginformatica.com.br\/portal\/wp-json\/wp\/v2\/media?parent=1285"}],"curies":[{"name":"wp","href":"https:\/\/api.w.org\/{rel}","templated":true}]}}